


{"id":18578,"date":"2026-02-12T09:36:48","date_gmt":"2026-02-12T09:36:48","guid":{"rendered":"https:\/\/hk.1edo.com\/?post_type=product&#038;p=18578"},"modified":"2026-04-01T02:47:04","modified_gmt":"2026-04-01T02:47:04","slug":"ta6801-pd60w-usb-c1usb-c2-charging-for-gb","status":"publish","type":"product","link":"https:\/\/41.1edotech.com\/at\/product\/ta6801-pd60w-usb-c1usb-c2-charging-for-gb\/","title":{"rendered":"TA6801-PD60W-USB-C1+USB-C2 Ladekabel f\u00fcr GB"},"content":{"rendered":"<table width=\"1080\">\n<tbody>\n<tr>\n<td width=\"192\">Modell<\/td>\n<td width=\"888\"><span style=\"vertical-align: inherit;\"><span style=\"vertical-align: inherit;\"><span style=\"vertical-align: inherit;\"><span style=\"vertical-align: inherit;\"><span style=\"vertical-align: inherit;\"><span style=\"vertical-align: inherit;\"><span style=\"vertical-align: inherit;\">TA6801.GB<\/span><\/span><\/span><\/span><\/span><\/span><\/span><\/td>\n<\/tr>\n<tr>\n<td>Farbe<\/td>\n<td><span style=\"vertical-align: inherit;\"><span style=\"vertical-align: inherit;\">Rot\/Wei\u00df\/Gr\u00fcn\/Lila<\/span><\/span><\/td>\n<\/tr>\n<tr>\n<td>Leistung<\/td>\n<td><span style=\"vertical-align: inherit;\"><span style=\"vertical-align: inherit;\"><span style=\"vertical-align: inherit;\">60,0 W<\/span><\/span><\/span><\/td>\n<\/tr>\n<tr>\n<td>Eingang<\/td>\n<td><span style=\"vertical-align: inherit;\"><span style=\"vertical-align: inherit;\"><span style=\"vertical-align: inherit;\"><span style=\"vertical-align: inherit;\"><span style=\"vertical-align: inherit;\">100V~240V 50\/60Hz 2,25A (max.)<\/span><\/span><\/span><\/span><\/span><\/td>\n<\/tr>\n<tr>\n<td>Ausgabe<\/td>\n<td width=\"888\">(USB-C, PDO) 5,0 V \u2393 3,0 A, 9,0 V \u2393 3,0 A, 12,0 V \u2393 3,0 A, 15,0 V \u2393 3,0 A, 20,0 V \u2393 3,0 A (max. 60,0 W) (USB-C, PPS) 3,3\u201321,0 V \u2393 3,0 A (max. 60,0 W)<\/td>\n<\/tr>\n<tr>\n<td>Schnellladeprotokoll<\/td>\n<td><span style=\"vertical-align: inherit;\"><span style=\"vertical-align: inherit;\">BC1.2 \/ APPLE 2.4A \/ SAMSUNG 2A QC3.0 \/ QC2.0 \/ PD3.0 \/ PD2.0 \/ AFC \/ FCP \/ SCP \/ PE2.0 \/ PE1.1 \/ SFCP<\/span><\/span><\/td>\n<\/tr>\n<tr>\n<td>Sicherheitsstandards<\/td>\n<td><span style=\"vertical-align: inherit;\"><span style=\"vertical-align: inherit;\"><span style=\"vertical-align: inherit;\"><span style=\"vertical-align: inherit;\"><span style=\"vertical-align: inherit;\"><span style=\"vertical-align: inherit;\"><span style=\"vertical-align: inherit;\">EN 62368-1:2014 \/ A11:2017 IEC 62368-1:2014 \/ A11:2017 UL 62368-1:2014<\/span><\/span><\/span><\/span><\/span><\/span><\/span><\/td>\n<\/tr>\n<tr>\n<td>Produktgr\u00f6\u00dfe<\/td>\n<td><span style=\"vertical-align: inherit;\"><span style=\"vertical-align: inherit;\">64,65 x 53 x 30 mm<\/span><\/span><\/td>\n<\/tr>\n<tr>\n<td>Einzelhandelsverpackung<\/td>\n<td>Blisterverpackung + Farbbox + Umkarton<\/td>\n<\/tr>\n<\/tbody>\n<\/table>","protected":false},"excerpt":{"rendered":"<p><img decoding=\"async\" class=\"alignnone size-full wp-image-9312\" src=\"\/wp-content\/uploads\/product_info_imgs\/product01.png\" alt=\"\" width=\"15\" height=\"15\" \/>\u00a0 Durch die Anwendung einer brandneuen, hochintegrierten L\u00f6sung wird eine h\u00f6here Effizienz erzielt.<br \/>\n<img decoding=\"async\" class=\"alignnone size-full wp-image-9312\" src=\"\/wp-content\/uploads\/product_info_imgs\/product01.png\" alt=\"\" width=\"15\" height=\"15\" \/>\u00a0 Kreisf\u00f6rmiges Design mit einem ausgepr\u00e4gten Sinn f\u00fcr Qualit\u00e4t und Individualit\u00e4t.<br \/>\n<img decoding=\"async\" class=\"alignnone size-full wp-image-9312\" src=\"\/wp-content\/uploads\/product_info_imgs\/product01.png\" alt=\"\" width=\"15\" height=\"15\" \/>\u00a0 Vier Kerntechnologieebenen gew\u00e4hrleisten h\u00f6chste Ladesicherheit.<br \/>\n<img decoding=\"async\" class=\"alignnone size-full wp-image-9312\" src=\"\/wp-content\/uploads\/product_info_imgs\/product01.png\" alt=\"\" width=\"15\" height=\"15\" \/>\u00a0 Verf\u00fcgt \u00fcber ein weltweit einzigartiges verlustfreies Ladesystem mit globalem Patentschutz.<br \/>\n<img decoding=\"async\" class=\"alignnone size-full wp-image-9312\" src=\"\/wp-content\/uploads\/product_info_imgs\/product01.png\" alt=\"\" width=\"15\" height=\"15\" \/>\u00a0 Hochwertige, weiche Silikonau\u00dfenseite, die hautfreundlich, verschlei\u00dffest und langlebig ist.<br \/>\n<img decoding=\"async\" class=\"alignnone size-full wp-image-9312\" src=\"\/wp-content\/uploads\/product_info_imgs\/product01.png\" alt=\"\" width=\"15\" height=\"15\" \/>\u00a0 Mini- und tragbares Design, nur 42 mm Durchmesser.<\/p>","protected":false},"featured_media":17469,"comment_status":"open","ping_status":"closed","template":"","meta":[],"product_brand":[],"product_cat":[122,121,155,554,123],"product_tag":[557],"class_list":{"0":"post-18578","1":"product","2":"type-product","3":"status-publish","4":"has-post-thumbnail","6":"product_cat-chargers","7":"product_cat-products","8":"product_cat-salet","9":"product_cat-ta6801","10":"product_cat-travel-chargers","11":"product_tag-60w","12":"pa_power-60w","14":"first","15":"instock","16":"taxable","17":"shipping-taxable","18":"purchasable","19":"product-type-variable","20":"has-default-attributes","21":"wvs-archive-product-wrapper"},"_links":{"self":[{"href":"https:\/\/41.1edotech.com\/at\/wp-json\/wp\/v2\/product\/18578","targetHints":{"allow":["GET"]}}],"collection":[{"href":"https:\/\/41.1edotech.com\/at\/wp-json\/wp\/v2\/product"}],"about":[{"href":"https:\/\/41.1edotech.com\/at\/wp-json\/wp\/v2\/types\/product"}],"replies":[{"embeddable":true,"href":"https:\/\/41.1edotech.com\/at\/wp-json\/wp\/v2\/comments?post=18578"}],"version-history":[{"count":0,"href":"https:\/\/41.1edotech.com\/at\/wp-json\/wp\/v2\/product\/18578\/revisions"}],"wp:featuredmedia":[{"embeddable":true,"href":"https:\/\/41.1edotech.com\/at\/wp-json\/wp\/v2\/media\/17469"}],"wp:attachment":[{"href":"https:\/\/41.1edotech.com\/at\/wp-json\/wp\/v2\/media?parent=18578"}],"wp:term":[{"taxonomy":"product_brand","embeddable":true,"href":"https:\/\/41.1edotech.com\/at\/wp-json\/wp\/v2\/product_brand?post=18578"},{"taxonomy":"product_cat","embeddable":true,"href":"https:\/\/41.1edotech.com\/at\/wp-json\/wp\/v2\/product_cat?post=18578"},{"taxonomy":"product_tag","embeddable":true,"href":"https:\/\/41.1edotech.com\/at\/wp-json\/wp\/v2\/product_tag?post=18578"}],"curies":[{"name":"wp","href":"https:\/\/api.w.org\/{rel}","templated":true}]}}