


{"id":18488,"date":"2026-02-12T07:36:56","date_gmt":"2026-02-12T07:36:56","guid":{"rendered":"https:\/\/hk.1edo.com\/?post_type=product&#038;p=18488"},"modified":"2026-04-01T02:54:49","modified_gmt":"2026-04-01T02:54:49","slug":"ta6801-pd60w-usb-c-to-usb-c-charging-for-us","status":"publish","type":"product","link":"https:\/\/41.1edotech.com\/cz\/produkt\/ta6801-pd60w-usb-c-to-usb-c-charging-for-us\/","title":{"rendered":"Nab\u00edjen\u00ed TA6801-PD60W-USB-C1+USB-C2 pro USA"},"content":{"rendered":"<table width=\"1080\">\n<tbody>\n<tr>\n<td width=\"192\">Model<\/td>\n<td width=\"888\"><span style=\"vertical-align: inherit;\"><span style=\"vertical-align: inherit;\"><span style=\"vertical-align: inherit;\"><span style=\"vertical-align: inherit;\"><span style=\"vertical-align: inherit;\"><span style=\"vertical-align: inherit;\"><span style=\"vertical-align: inherit;\">TA6801.US<\/span><\/span><\/span><\/span><\/span><\/span><\/span><\/td>\n<\/tr>\n<tr>\n<td>Barva<\/td>\n<td><span style=\"vertical-align: inherit;\"><span style=\"vertical-align: inherit;\">\u010cerven\u00e1\/B\u00edl\u00e1\/Zelen\u00e1\/Fialov\u00e1<\/span><\/span><\/td>\n<\/tr>\n<tr>\n<td>Moc<\/td>\n<td><span style=\"vertical-align: inherit;\"><span style=\"vertical-align: inherit;\"><span style=\"vertical-align: inherit;\">60,0 W<\/span><\/span><\/span><\/td>\n<\/tr>\n<tr>\n<td>Vstup<\/td>\n<td><span style=\"vertical-align: inherit;\"><span style=\"vertical-align: inherit;\"><span style=\"vertical-align: inherit;\"><span style=\"vertical-align: inherit;\"><span style=\"vertical-align: inherit;\">100 V ~ 240 V 50\/60 Hz 2,25 A (max.)<\/span><\/span><\/span><\/span><\/span><\/td>\n<\/tr>\n<tr>\n<td>V\u00fdstup<\/td>\n<td width=\"888\">(USB-C, PDO) 5,0 V \u2393 3,0 A, 9,0 V \u2393 3,0 A, 12,0 V \u2393 3,0 A, 15,0 V \u2393 3,0 A, 20,0 V \u2393 3,0 A (max. 60,0 W) (USB-C, PPS) 3,3\u201321,0 V \u2393 3,0 A (max. 60,0 W)<\/td>\n<\/tr>\n<tr>\n<td>Protokol rychl\u00e9ho nab\u00edjen\u00ed<\/td>\n<td><span style=\"vertical-align: inherit;\"><span style=\"vertical-align: inherit;\">BC1.2 \/ APPLE 2.4A \/ SAMSUNG 2A QC3.0 \/ QC2.0 \/ PD3.0 \/ PD2.0 \/ AFC \/ FCP \/ SCP \/ PE2.0 \/ PE1.1 \/ SFCP<\/span><\/span><\/td>\n<\/tr>\n<tr>\n<td>Bezpe\u010dnostn\u00ed normy<\/td>\n<td><span style=\"vertical-align: inherit;\"><span style=\"vertical-align: inherit;\"><span style=\"vertical-align: inherit;\"><span style=\"vertical-align: inherit;\"><span style=\"vertical-align: inherit;\"><span style=\"vertical-align: inherit;\"><span style=\"vertical-align: inherit;\">EN 62368-1:2014 \/ A11:2017 IEC 62368-1:2014 \/ A11:2017 UL 62368-1:2014<\/span><\/span><\/span><\/span><\/span><\/span><\/span><\/td>\n<\/tr>\n<tr>\n<td>Velikost produktu<\/td>\n<td><span style=\"vertical-align: inherit;\"><span style=\"vertical-align: inherit;\">64,65*53*30 mm<\/span><\/span><\/td>\n<\/tr>\n<tr>\n<td>Maloobchodn\u00ed balen\u00ed<\/td>\n<td>Blistr + Barevn\u00e1 krabi\u010dka + vn\u011bj\u0161\u00ed karton<\/td>\n<\/tr>\n<\/tbody>\n<\/table>","protected":false},"excerpt":{"rendered":"<p><img decoding=\"async\" class=\"alignnone size-full wp-image-9312\" src=\"\/wp-content\/uploads\/product_info_imgs\/product01.png\" alt=\"\" width=\"15\" height=\"15\" \/>\u00a0 D\u00edky vyu\u017eit\u00ed zcela nov\u00e9ho, vysoce integrovan\u00e9ho \u0159e\u0161en\u00ed dosahuje vy\u0161\u0161\u00ed efektivity.<br \/>\n<img decoding=\"async\" class=\"alignnone size-full wp-image-9312\" src=\"\/wp-content\/uploads\/product_info_imgs\/product01.png\" alt=\"\" width=\"15\" height=\"15\" \/>\u00a0 Kruhov\u00fd design se siln\u00fdm smyslem pro kvalitu a individualitu.<br \/>\n<img decoding=\"async\" class=\"alignnone size-full wp-image-9312\" src=\"\/wp-content\/uploads\/product_info_imgs\/product01.png\" alt=\"\" width=\"15\" height=\"15\" \/>\u00a0 \u010cty\u0159i vrstvy z\u00e1kladn\u00ed technologie zaji\u0161\u0165uj\u00ed p\u0159\u00edsnou bezpe\u010dnost nab\u00edjen\u00ed.<br \/>\n<img decoding=\"async\" class=\"alignnone size-full wp-image-9312\" src=\"\/wp-content\/uploads\/product_info_imgs\/product01.png\" alt=\"\" width=\"15\" height=\"15\" \/>\u00a0 Nab\u00edz\u00ed prvn\u00ed bezztr\u00e1tov\u00fd nab\u00edjec\u00ed syst\u00e9m na sv\u011bt\u011b s glob\u00e1ln\u00ed patentovou ochranou.<br \/>\n<img decoding=\"async\" class=\"alignnone size-full wp-image-9312\" src=\"\/wp-content\/uploads\/product_info_imgs\/product01.png\" alt=\"\" width=\"15\" height=\"15\" \/>\u00a0 Pr\u00e9miov\u00fd m\u011bkk\u00fd silikonov\u00fd povrch, kter\u00fd je \u0161etrn\u00fd k poko\u017ece, odoln\u00fd proti opot\u0159eben\u00ed a vyroben\u00fd pro dlouhou \u017eivotnost.<br \/>\n<img decoding=\"async\" class=\"alignnone size-full wp-image-9312\" src=\"\/wp-content\/uploads\/product_info_imgs\/product01.png\" alt=\"\" width=\"15\" height=\"15\" \/>\u00a0 Miniaturn\u00ed a p\u0159enosn\u00fd design, pr\u016fm\u011br pouze 42 mm.<\/p>","protected":false},"featured_media":18502,"comment_status":"open","ping_status":"closed","template":"","meta":[],"product_brand":[],"product_cat":[122,121,155,554,123],"product_tag":[557],"class_list":{"0":"post-18488","1":"product","2":"type-product","3":"status-publish","4":"has-post-thumbnail","6":"product_cat-chargers","7":"product_cat-products","8":"product_cat-salet","9":"product_cat-ta6801","10":"product_cat-travel-chargers","11":"product_tag-60w","12":"pa_power-60w","14":"first","15":"instock","16":"taxable","17":"shipping-taxable","18":"purchasable","19":"product-type-variable","20":"wvs-archive-product-wrapper"},"_links":{"self":[{"href":"https:\/\/41.1edotech.com\/cz\/wp-json\/wp\/v2\/product\/18488","targetHints":{"allow":["GET"]}}],"collection":[{"href":"https:\/\/41.1edotech.com\/cz\/wp-json\/wp\/v2\/product"}],"about":[{"href":"https:\/\/41.1edotech.com\/cz\/wp-json\/wp\/v2\/types\/product"}],"replies":[{"embeddable":true,"href":"https:\/\/41.1edotech.com\/cz\/wp-json\/wp\/v2\/comments?post=18488"}],"version-history":[{"count":0,"href":"https:\/\/41.1edotech.com\/cz\/wp-json\/wp\/v2\/product\/18488\/revisions"}],"wp:featuredmedia":[{"embeddable":true,"href":"https:\/\/41.1edotech.com\/cz\/wp-json\/wp\/v2\/media\/18502"}],"wp:attachment":[{"href":"https:\/\/41.1edotech.com\/cz\/wp-json\/wp\/v2\/media?parent=18488"}],"wp:term":[{"taxonomy":"product_brand","embeddable":true,"href":"https:\/\/41.1edotech.com\/cz\/wp-json\/wp\/v2\/product_brand?post=18488"},{"taxonomy":"product_cat","embeddable":true,"href":"https:\/\/41.1edotech.com\/cz\/wp-json\/wp\/v2\/product_cat?post=18488"},{"taxonomy":"product_tag","embeddable":true,"href":"https:\/\/41.1edotech.com\/cz\/wp-json\/wp\/v2\/product_tag?post=18488"}],"curies":[{"name":"wp","href":"https:\/\/api.w.org\/{rel}","templated":true}]}}