


{"id":3,"date":"2023-08-01T23:58:36","date_gmt":"2023-08-01T23:58:36","guid":{"rendered":"https:\/\/www.1edo.com\/?page_id=3"},"modified":"2026-01-13T10:49:29","modified_gmt":"2026-01-13T10:49:29","slug":"privacy-policy","status":"publish","type":"page","link":"https:\/\/41.1edotech.com\/es\/privacy-policy\/","title":{"rendered":"pol\u00edtica de privacidad"},"content":{"rendered":"<style type=\"text\/css\" data-created_by=\"avia_inline_auto\" id=\"style-css-av-g88b-69ddafea099c8e4b50c55fb5c2d9bced\">\n.avia-section.av-g88b-69ddafea099c8e4b50c55fb5c2d9bced{\nbackground-color:#fafafa;\nbackground-image:unset;\nmargin-top:0px;\nmargin-bottom:0px;\n}\n<\/style>\n<div id='av_section_1'  class='avia-section av-g88b-69ddafea099c8e4b50c55fb5c2d9bced main_color avia-section-small avia-no-border-styling  avia-builder-el-0  el_before_av_section  avia-builder-el-first  avia-bg-style-scroll container_wrap sidebar_right'  ><div class='container av-section-cont-open' ><main  role=\"main\" itemprop=\"mainContentOfPage\"  class='template-page content  av-content-small alpha units'><div class='post-entry post-entry-type-page post-entry-3'><div class='entry-content-wrapper clearfix'>\n\n<style type=\"text\/css\" data-created_by=\"avia_inline_auto\" id=\"style-css-av-d3mz-ce9581dae05a52e7ea4e3c9a02e1bd6e\">\n#top .flex_column.av-d3mz-ce9581dae05a52e7ea4e3c9a02e1bd6e{\nmargin-top:0px;\nmargin-bottom:0px;\n}\n.flex_column.av-d3mz-ce9581dae05a52e7ea4e3c9a02e1bd6e{\npadding:0% 0% 0% 0%;\n}\n.responsive #top #wrap_all .flex_column.av-d3mz-ce9581dae05a52e7ea4e3c9a02e1bd6e{\nmargin-top:0px;\nmargin-bottom:0px;\n}\n<\/style>\n<div class='flex_column av-d3mz-ce9581dae05a52e7ea4e3c9a02e1bd6e av_one_full  avia-builder-el-1  avia-builder-el-no-sibling  first flex_column_div av-animated-generic left-to-right av-zero-column-padding'     ><style type=\"text\/css\" data-created_by=\"avia_inline_auto\" id=\"style-css-av-bhmd-f6db3fb0993e3e4b83701c8962399a6d\">\n#top .av-special-heading.av-bhmd-f6db3fb0993e3e4b83701c8962399a6d{\nmargin:0% 0% 0% 0%;\npadding-bottom:0;\ncolor:#5d5f5f;\nfont-size:24px;\n}\nbody .av-special-heading.av-bhmd-f6db3fb0993e3e4b83701c8962399a6d .av-special-heading-tag .heading-char{\nfont-size:25px;\n}\n#top #wrap_all .av-special-heading.av-bhmd-f6db3fb0993e3e4b83701c8962399a6d .av-special-heading-tag{\nfont-size:24px;\npadding:0% 0% 0% 0%;\n}\n.av-special-heading.av-bhmd-f6db3fb0993e3e4b83701c8962399a6d .special-heading-inner-border{\nborder-color:#5d5f5f;\n}\n.av-special-heading.av-bhmd-f6db3fb0993e3e4b83701c8962399a6d .av-subheading{\nfont-size:15px;\n}\n\n@media only screen and (max-width: 479px){ \n#top #wrap_all .av-special-heading.av-bhmd-f6db3fb0993e3e4b83701c8962399a6d .av-special-heading-tag{\nfont-size:20px;\n}\n}\n\n@media only screen and (min-width: 480px) and (max-width: 767px){ \n#top #wrap_all .av-special-heading.av-bhmd-f6db3fb0993e3e4b83701c8962399a6d .av-special-heading-tag{\nfont-size:0.8em;\n}\n}\n<\/style>\n<div  class='av-special-heading av-bhmd-f6db3fb0993e3e4b83701c8962399a6d av-special-heading-h1 custom-color-heading blockquote modern-quote  avia-builder-el-2  avia-builder-el-no-sibling  av-inherit-size'><h1 class='av-special-heading-tag'  itemprop=\"headline\"  >PRIVACY POLICY<\/h1><div class=\"special-heading-border\"><div class=\"special-heading-inner-border\"><\/div><\/div><\/div><\/div><\/div><\/div><\/main><!-- close content main element --><\/div><\/div>\n<style type=\"text\/css\" data-created_by=\"avia_inline_auto\" id=\"style-css-av-9tyl-1a7b3aa8c221fb4897a255baf0eeaeec\">\n.avia-section.av-9tyl-1a7b3aa8c221fb4897a255baf0eeaeec{\nmargin-top:2%;\nmargin-bottom:2%;\n}\n<\/style>\n<div id='av_section_2'  class='avia-section av-9tyl-1a7b3aa8c221fb4897a255baf0eeaeec main_color avia-section-default avia-no-border-styling  avia-builder-el-3  el_after_av_section  avia-builder-el-last  avia-bg-style-scroll container_wrap sidebar_right'  ><div class='container av-section-cont-open' ><div class='template-page content  av-content-small alpha units'><div class='post-entry post-entry-type-page post-entry-3'><div class='entry-content-wrapper clearfix'>\n\n<style type=\"text\/css\" data-created_by=\"avia_inline_auto\" id=\"style-css-av-7ek7-5f7f54cd528245fd8a9c920c58d9aa07\">\n#top .flex_column.av-7ek7-5f7f54cd528245fd8a9c920c58d9aa07{\nmargin-top:0%;\nmargin-bottom:0%;\n}\n.flex_column.av-7ek7-5f7f54cd528245fd8a9c920c58d9aa07{\npadding:0% 0% 0% 0%;\n}\n.responsive #top #wrap_all .flex_column.av-7ek7-5f7f54cd528245fd8a9c920c58d9aa07{\nmargin-top:0%;\nmargin-bottom:0%;\n}\n<\/style>\n<div class='flex_column av-7ek7-5f7f54cd528245fd8a9c920c58d9aa07 av_one_full  avia-builder-el-4  avia-builder-el-no-sibling  first flex_column_div av-animated-generic fade-in av-zero-column-padding'     ><p>\n<style type=\"text\/css\" data-created_by=\"avia_inline_auto\" id=\"style-css-av-6309-6b54a7aa7b01ce26e300079621713829\">\n#top .av-special-heading.av-6309-6b54a7aa7b01ce26e300079621713829{\nmargin:0% 0% 0% 0%;\npadding-bottom:0;\nfont-size:48px;\n}\nbody .av-special-heading.av-6309-6b54a7aa7b01ce26e300079621713829 .av-special-heading-tag .heading-char{\nfont-size:25px;\n}\n#top #wrap_all .av-special-heading.av-6309-6b54a7aa7b01ce26e300079621713829 .av-special-heading-tag{\nfont-size:48px;\npadding:0% 0% 1% 0%;\n}\n.av-special-heading.av-6309-6b54a7aa7b01ce26e300079621713829 .av-subheading{\nfont-size:15px;\n}\n\n@media only screen and (max-width: 479px){ \n#top #wrap_all .av-special-heading.av-6309-6b54a7aa7b01ce26e300079621713829 .av-special-heading-tag{\nfont-size:28px;\n}\n}\n\n@media only screen and (min-width: 480px) and (max-width: 767px){ \n#top #wrap_all .av-special-heading.av-6309-6b54a7aa7b01ce26e300079621713829 .av-special-heading-tag{\nfont-size:0.8em;\n}\n}\n<\/style>\n<div  class='av-special-heading av-6309-6b54a7aa7b01ce26e300079621713829 av-special-heading-h2 blockquote modern-quote  avia-builder-el-5  el_before_av_textblock  avia-builder-el-first  av-inherit-size'><h2 class='av-special-heading-tag'  itemprop=\"headline\"  >1edo WEBSITE PRIVACY STATEMENT<\/h2><div class=\"special-heading-border\"><div class=\"special-heading-inner-border\"><\/div><\/div><\/div><br \/>\n\n<style type=\"text\/css\" data-created_by=\"avia_inline_auto\" id=\"style-css-av-3dwz-35a6c66197c24629c7eaf07caf8a7538\">\n#top .av_textblock_section.av-3dwz-35a6c66197c24629c7eaf07caf8a7538 .avia_textblock{\nfont-size:16px;\ntext-align:left;\n}\n\n@media only screen and (max-width: 479px){ \n#top .av_textblock_section.av-3dwz-35a6c66197c24629c7eaf07caf8a7538 .avia_textblock{\nfont-size:16px;\n}\n}\n<\/style>\n<section  class='av_textblock_section av-3dwz-35a6c66197c24629c7eaf07caf8a7538'  itemscope=\"itemscope\" itemtype=\"https:\/\/schema.org\/CreativeWork\" ><div class='avia_textblock nocti_polly_vbnmdfgv'  itemprop=\"text\" ><p>\u00daltima actualizaci\u00f3n: julio de 2023<br \/>\nThis privacy notice explains how 1edo collects and uses personal data from visitors to its web and mobile sites that link directly to this notice (collectively \u201cSites\u201d). Your personal data is controlled by<br \/>\n1edo Europe S.A. (collectively \u201c1edo\u201d, &#8221;We\u201d and \u201cUs\u201d).<\/p>\n<h2>ACTIVELY SUBMITTED DATA<\/h2>\n<p>If you call us, send us an email, or fill out a form on one of our Sites, we use the information you provide to respond to your request or to otherwise communicate with you or assist you. If you make purchases through our Sites, we may collect data necessary to process your order, such as your shipping address, products ordered, and your contact information.<\/p>\n<h2>PASSIVELY PROVIDED DATA<\/h2>\n<p>When you access our Sites, depending on your opt-in choices, certain information about your computer or mobile device is shared with us, which may include the activities you perform on our Sites,the type of hardware and software you are using, (such as your operating system or browser), information stored in cookies, IP address, access times, the web pages from which you came, the regions from which you navigate the web page, and the web pages you access. We use this information to better understand the interests of the users of our Sites, to improve our Sites, services, and products.<\/p>\n<p>We do not currently respond to \u201cDo Not Track\u201d signals in browsers as we are trying to provide a customized website experience.<\/p>\n<h2>COOKIES<\/h2>\n<p>1edo uses cookies that are essentially small data files placed on your computer, tablet, mobile phone, or other devices. Click here to learn more about cookies.<\/p>\n<h2>DATA USE AND SHARING<\/h2>\n<p>We use the data we collect to provide you with rich, interactive experiences. In particular, we may use data to:<\/p>\n<ul>\n<li>provide the service or carry out the transactions at your request;<\/li>\n<li>improve and develop our products;<\/li>\n<li>personalize your experience;<\/li>\n<li>process job applications you submit through our Sites;<\/li>\n<li>advertise and market to you subject to applicable legal requirements, which may include sending promotional communications, targeting<\/li>\n<li>advertising, and presenting you with relevant offers.<\/li>\n<\/ul>\n<h2>NI\u00d1OS<\/h2>\n<p>We do not knowingly collect or maintain information about persons under 13 years of age. If we learn that information about persons under 13 years of age has been collected on or through the Sites, we will take appropriate steps to delete this information. If you are the parent or legal guardian of a child under 13 years of age who has registered for an account or service on our Sites, please contact us using the contact information below to have that child\u2019s account or service terminated and personal information deleted.<\/p>\n<h2>DATA RETENTION<\/h2>\n<p>We retain personal data for as long as necessary to provide functionality and fulfill the transactions you have requested, or for other legitimate purposes such as complying with our legal obligations,resolving disputes, and enforcing our agreements. Because these needs can vary for different data types, the context of our interactions with you or your use of our Sites, actual retention periods can vary significantly.<\/p>\n<h2>SEGURIDAD DE LOS DATOS<\/h2>\n<p>We use TLS certificates, encryption, data access limitations, anti-virus software, and firewalls to reduce the risk of unauthorized access to personal data. No data transmission over the Internet or any wireless network is entirely secure. Be mindful of security risks when you transmit personal data to us and when you post information in our public forums.<br \/>\nIf you would like to report any security issues in any of our products, please fill out the form and required attachments and send it to 1edo Security.<\/p>\n<h2>CONTROLLING AND ACCESSING YOUR INFORMATION<\/h2>\n<p>You may request that we update or delete\/deactivate certain information pertaining to you.<\/p>\n<p>If we cannot remove some personal information, we will let you know why. If you have subscribed to marketing emails, you may stop the delivery by following the unsubscribe instructions contained in the email received or at the subscription management page on our Site: https:\/\/www.1edo.com\/subscribe.<\/p>\n<p>You also have the right to request how your data is processed and with whom we share it.<\/p>\n<p>Additionally, if you believe certain information 1edo processes about you is inaccurate, you have the right to have this information corrected.<\/p>\n<p>We will endeavor to respond to your request to review the information we have on file for you within 30 days from receiving such request.<\/p>\n<p>If you have questions, comments, or would like to make a request regarding your data or our Statement, past Statements, and data practices, please contact us at support.1edo.com\/response-center or through the following methods:<\/p>\n<p>Tel\u00e9fono: +86-755-61811368<br \/>\nContacto: support.1edo.com\/response-center<br \/>\nCorreo postal: 5F, Edificio B20, Parque Industrial Hengfeng, Xixiangtown, Distrito Bao&#039;an, Shenzhen, China<\/p>\n<p>If you are not satisfied with our response, you can refer your privacy complaint or dispute to the relevant state or national data protection authority in your jurisdiction.<\/p>\n<h2>MODIFICAR ESTA DECLARACI\u00d3N<\/h2>\n<p>Actualizaremos esta Declaraci\u00f3n peri\u00f3dicamente. Si se producen cambios sustanciales en esta Declaraci\u00f3n o en la forma en que utilizaremos su informaci\u00f3n personal, publicaremos dichos cambios de forma destacada antes de implementarlos.<\/p>\n<p>No realizaremos ning\u00fan cambio que reduzca la protecci\u00f3n de su informaci\u00f3n personal recopilada en el pasado sin su consentimiento.<\/p>\n<p>Le recomendamos que revise peri\u00f3dicamente esta Declaraci\u00f3n para estar al tanto de c\u00f3mo protegemos su informaci\u00f3n.<\/p>\n<p>Gracias por su inter\u00e9s en 1edo y en nuestros productos y servicios.<\/p>\n<\/div><\/section><\/p><\/div>\n<\/div><\/div><\/div><!-- close content main div --><\/div><\/div><div id='after_section_2'  class='main_color av_default_container_wrap container_wrap sidebar_right'  ><div class='container av-section-cont-open' ><div class='template-page content  av-content-small alpha units'><div class='post-entry post-entry-type-page post-entry-3'><div class='entry-content-wrapper clearfix'><\/p>","protected":false},"excerpt":{"rendered":"","protected":false},"author":1,"featured_media":0,"parent":0,"menu_order":59,"comment_status":"closed","ping_status":"open","template":"","meta":{"footnotes":""},"class_list":["post-3","page","type-page","status-publish","hentry"],"_links":{"self":[{"href":"https:\/\/41.1edotech.com\/es\/wp-json\/wp\/v2\/pages\/3","targetHints":{"allow":["GET"]}}],"collection":[{"href":"https:\/\/41.1edotech.com\/es\/wp-json\/wp\/v2\/pages"}],"about":[{"href":"https:\/\/41.1edotech.com\/es\/wp-json\/wp\/v2\/types\/page"}],"author":[{"embeddable":true,"href":"https:\/\/41.1edotech.com\/es\/wp-json\/wp\/v2\/users\/1"}],"replies":[{"embeddable":true,"href":"https:\/\/41.1edotech.com\/es\/wp-json\/wp\/v2\/comments?post=3"}],"version-history":[{"count":0,"href":"https:\/\/41.1edotech.com\/es\/wp-json\/wp\/v2\/pages\/3\/revisions"}],"wp:attachment":[{"href":"https:\/\/41.1edotech.com\/es\/wp-json\/wp\/v2\/media?parent=3"}],"curies":[{"name":"wp","href":"https:\/\/api.w.org\/{rel}","templated":true}]}}