


{"id":16713,"date":"2026-01-24T11:45:51","date_gmt":"2026-01-24T11:45:51","guid":{"rendered":"https:\/\/hk.1edo.com\/?post_type=product&#038;p=16713"},"modified":"2026-03-31T08:48:23","modified_gmt":"2026-03-31T08:48:23","slug":"ta3801-pd20w-magnetic-to-lightning-charger-for-jp","status":"publish","type":"product","link":"https:\/\/41.1edotech.com\/hu\/termek\/ta3801-pd20w-magnetic-to-lightning-charger-for-jp\/","title":{"rendered":"TA3801 PD30W m\u00e1gneses-vill\u00e1m t\u00f6lt\u0151 Jap\u00e1nba"},"content":{"rendered":"<table width=\"1080\">\n<tbody>\n<tr>\n<td width=\"192\">Modell<\/td>\n<td width=\"888\"><span style=\"vertical-align: inherit;\"><span style=\"vertical-align: inherit;\"><span style=\"vertical-align: inherit;\"><span style=\"vertical-align: inherit;\"><span style=\"vertical-align: inherit;\"><span style=\"vertical-align: inherit;\"><span style=\"vertical-align: inherit;\">TA3801.JP<\/span><\/span><\/span><\/span><\/span><\/span><\/span><\/td>\n<\/tr>\n<tr>\n<td>Sz\u00edn<\/td>\n<td><span style=\"vertical-align: inherit;\"><span style=\"vertical-align: inherit;\">Piros\/Feh\u00e9r\/Z\u00f6ld\/Lila<\/span><\/span><\/td>\n<\/tr>\n<tr>\n<td>Hatalom<\/td>\n<td><span style=\"vertical-align: inherit;\"><span style=\"vertical-align: inherit;\"><span style=\"vertical-align: inherit;\">30,0 W<\/span><\/span><\/span><\/td>\n<\/tr>\n<tr>\n<td>Bemenet<\/td>\n<td><span style=\"vertical-align: inherit;\"><span style=\"vertical-align: inherit;\"><span style=\"vertical-align: inherit;\"><span style=\"vertical-align: inherit;\"><span style=\"vertical-align: inherit;\">100V~240V 50\/60Hz 1.0A (max.)<\/span><\/span><\/span><\/span><\/span><\/td>\n<\/tr>\n<tr>\n<td>Kimenet<\/td>\n<td width=\"888\">5,0 V \u00d7 3,0 A, 9,0 V \u00d7 3,0 A, 15,0 V \u00d7 2,0 A. 20,0 V \u00d7 1,5 A (max. 30,0 W)<\/td>\n<\/tr>\n<tr>\n<td>Gyorst\u00f6lt\u00e9si protokoll<\/td>\n<td><span style=\"vertical-align: inherit;\"><span style=\"vertical-align: inherit;\">BC1.2 \/ APPLE 2.4A \/ SAMSUNG 2A QC3.0 \/ QC2.0 \/ PD3.0 \/ PD2.0 \/ AFC \/ FCP \/ SCP \/ PE2.0 \/ PE1.1 \/ SFCP<\/span><\/span><\/td>\n<\/tr>\n<tr>\n<td>Biztons\u00e1gi szabv\u00e1nyok<\/td>\n<td><span style=\"vertical-align: inherit;\"><span style=\"vertical-align: inherit;\"><span style=\"vertical-align: inherit;\"><span style=\"vertical-align: inherit;\"><span style=\"vertical-align: inherit;\"><span style=\"vertical-align: inherit;\"><span style=\"vertical-align: inherit;\">EN 62368-1:2014 \/ A11:2017 IEC 62368-1:2014 \/ A11:2017 UL 62368-1:2014<\/span><\/span><\/span><\/span><\/span><\/span><\/span><\/td>\n<\/tr>\n<tr>\n<td>Term\u00e9k m\u00e9rete<\/td>\n<td><span style=\"vertical-align: inherit;\"><span style=\"vertical-align: inherit;\">81,55x38x38 mm<\/span><\/span><\/td>\n<\/tr>\n<tr>\n<td>Kiskereskedelmi csomagol\u00e1s<\/td>\n<td>Bliszterdoboz + Sz\u00ednes doboz + k\u00fcls\u0151 doboz<\/td>\n<\/tr>\n<\/tbody>\n<\/table>","protected":false},"excerpt":{"rendered":"<p><img decoding=\"async\" class=\"alignnone size-full wp-image-9312\" src=\"\/wp-content\/uploads\/product_info_imgs\/product01.png\" alt=\"\" width=\"15\" height=\"15\" \/>\u00a0 Egy vadonat\u00faj, magasan integr\u00e1lt megold\u00e1s alkalmaz\u00e1s\u00e1val nagyobb hat\u00e9konys\u00e1got \u00e9r el.<br \/>\n<img decoding=\"async\" class=\"alignnone size-full wp-image-9312\" src=\"\/wp-content\/uploads\/product_info_imgs\/product01.png\" alt=\"\" width=\"15\" height=\"15\" \/>\u00a0 K\u00f6r alak\u00fa diz\u00e1jn, er\u0151s min\u0151s\u00e9gi \u00e9s egyedi \u00e9rz\u00e9kkel.<br \/>\n<img decoding=\"async\" class=\"alignnone size-full wp-image-9312\" src=\"\/wp-content\/uploads\/product_info_imgs\/product01.png\" alt=\"\" width=\"15\" height=\"15\" \/>\u00a0 A n\u00e9gyr\u00e9teg\u0171 magtechnol\u00f3gia szigor\u00fa t\u00f6lt\u00e9sbiztons\u00e1got garant\u00e1l.<br \/>\n<img decoding=\"async\" class=\"alignnone size-full wp-image-9312\" src=\"\/wp-content\/uploads\/product_info_imgs\/product01.png\" alt=\"\" width=\"15\" height=\"15\" \/>\u00a0 Vil\u00e1gels\u0151 vesztes\u00e9gmentes t\u00f6lt\u00e9si kialak\u00edt\u00e1ssal rendelkezik, glob\u00e1lis szabadalmi v\u00e9delemmel.<br \/>\n<img decoding=\"async\" class=\"alignnone size-full wp-image-9312\" src=\"\/wp-content\/uploads\/product_info_imgs\/product01.png\" alt=\"\" width=\"15\" height=\"15\" \/>\u00a0 Pr\u00e9mium min\u0151s\u00e9g\u0171, puha szilikon k\u00fcls\u0151 bor\u00edt\u00e1s, amely b\u0151rbar\u00e1t, kop\u00e1s\u00e1ll\u00f3 \u00e9s tart\u00f3s.<br \/>\n<img decoding=\"async\" class=\"alignnone size-full wp-image-9312\" src=\"\/wp-content\/uploads\/product_info_imgs\/product01.png\" alt=\"\" width=\"15\" height=\"15\" \/>\u00a0 Mini \u00e9s hordozhat\u00f3 kialak\u00edt\u00e1s, mind\u00f6ssze 38 mm \u00e1tm\u00e9r\u0151j\u0171.<\/p>","protected":false},"featured_media":17347,"comment_status":"open","ping_status":"closed","template":"","meta":[],"product_brand":[],"product_cat":[122,121,123,153],"product_tag":[126],"class_list":{"0":"post-16713","1":"product","2":"type-product","3":"status-publish","4":"has-post-thumbnail","6":"product_cat-chargers","7":"product_cat-products","8":"product_cat-travel-chargers","9":"product_cat-ta3801","10":"product_tag-20w","11":"pa_power-30w","13":"first","14":"instock","15":"taxable","16":"shipping-taxable","17":"purchasable","18":"product-type-variable","19":"has-default-attributes","20":"wvs-archive-product-wrapper"},"_links":{"self":[{"href":"https:\/\/41.1edotech.com\/hu\/wp-json\/wp\/v2\/product\/16713","targetHints":{"allow":["GET"]}}],"collection":[{"href":"https:\/\/41.1edotech.com\/hu\/wp-json\/wp\/v2\/product"}],"about":[{"href":"https:\/\/41.1edotech.com\/hu\/wp-json\/wp\/v2\/types\/product"}],"replies":[{"embeddable":true,"href":"https:\/\/41.1edotech.com\/hu\/wp-json\/wp\/v2\/comments?post=16713"}],"version-history":[{"count":0,"href":"https:\/\/41.1edotech.com\/hu\/wp-json\/wp\/v2\/product\/16713\/revisions"}],"wp:featuredmedia":[{"embeddable":true,"href":"https:\/\/41.1edotech.com\/hu\/wp-json\/wp\/v2\/media\/17347"}],"wp:attachment":[{"href":"https:\/\/41.1edotech.com\/hu\/wp-json\/wp\/v2\/media?parent=16713"}],"wp:term":[{"taxonomy":"product_brand","embeddable":true,"href":"https:\/\/41.1edotech.com\/hu\/wp-json\/wp\/v2\/product_brand?post=16713"},{"taxonomy":"product_cat","embeddable":true,"href":"https:\/\/41.1edotech.com\/hu\/wp-json\/wp\/v2\/product_cat?post=16713"},{"taxonomy":"product_tag","embeddable":true,"href":"https:\/\/41.1edotech.com\/hu\/wp-json\/wp\/v2\/product_tag?post=16713"}],"curies":[{"name":"munkaf\u00fczet","href":"https:\/\/api.w.org\/{rel}","templated":true}]}}