


{"id":18243,"date":"2026-02-12T01:28:51","date_gmt":"2026-02-12T01:28:51","guid":{"rendered":"https:\/\/hk.1edo.com\/?post_type=product&#038;p=18243"},"modified":"2026-04-01T02:19:14","modified_gmt":"2026-04-01T02:19:14","slug":"ta3802-pd65w-magnetic-to-usb-c-charging-set-for-mx-tw","status":"publish","type":"product","link":"https:\/\/41.1edotech.com\/hu\/termek\/ta3802-pd65w-magnetic-to-usb-c-charging-set-for-mx-tw\/","title":{"rendered":"TA3802 PD65W M\u00e1gneses - USB-C t\u00f6lt\u0151k\u00e9szlet MX-TW k\u00e9sz\u00fcl\u00e9khez"},"content":{"rendered":"<table width=\"1080\">\n<tbody>\n<tr>\n<td width=\"192\">Modell<\/td>\n<td width=\"888\"><span style=\"vertical-align: inherit;\"><span style=\"vertical-align: inherit;\"><span style=\"vertical-align: inherit;\"><span style=\"vertical-align: inherit;\"><span style=\"vertical-align: inherit;\"><span style=\"vertical-align: inherit;\"><span style=\"vertical-align: inherit;\">TA3802.MX-TW<\/span><\/span><\/span><\/span><\/span><\/span><\/span><\/td>\n<\/tr>\n<tr>\n<td>Sz\u00edn<\/td>\n<td><span style=\"vertical-align: inherit;\"><span style=\"vertical-align: inherit;\">Piros\/Feh\u00e9r\/Z\u00f6ld\/Lila<\/span><\/span><\/td>\n<\/tr>\n<tr>\n<td>power<\/td>\n<td><span style=\"vertical-align: inherit;\"><span style=\"vertical-align: inherit;\"><span style=\"vertical-align: inherit;\">65,0 W<\/span><\/span><\/span><\/td>\n<\/tr>\n<tr>\n<td>Import<\/td>\n<td><span style=\"vertical-align: inherit;\">100V~240V 50\/60Hz 2,25A (max.)<\/span><\/td>\n<\/tr>\n<tr>\n<td>Kimenet<\/td>\n<td width=\"888\">\u00a0(USB-C, PDO) 5,0 V\u2393 3,0 A, 9,0 V\u2393 3,0 A, 12,0 V\u2393 3,0 A, 15,0 V\u2393 3,0 A, 20,0 V\u23933,0 A (max. 65,0 W) (USB-C, PPS) 3,3\u201321,0 V\u23933,0 A (max. 65,0 W)<\/td>\n<\/tr>\n<tr>\n<td>Gyorst\u00f6lt\u00e9si protokoll<\/td>\n<td><span style=\"vertical-align: inherit;\"><span style=\"vertical-align: inherit;\">BC1.2 \/ APPLE 2.4A \/ SAMSUNG 2A QC3.0 \/ QC2.0 \/ PD3.0 \/ PD2.0 \/ AFC \/ FCP \/ SCP \/ PE2.0 \/ PE1.1 \/ SFCP<\/span><\/span><\/td>\n<\/tr>\n<tr>\n<td>Biztons\u00e1gi szabv\u00e1nyok<\/td>\n<td><span style=\"vertical-align: inherit;\"><span style=\"vertical-align: inherit;\"><span style=\"vertical-align: inherit;\"><span style=\"vertical-align: inherit;\"><span style=\"vertical-align: inherit;\"><span style=\"vertical-align: inherit;\"><span style=\"vertical-align: inherit;\">EN 62368-1:2014 \/ A11:2017 IEC 62368-1:2014 \/ A11:2017 UL 62368-1:2014<\/span><\/span><\/span><\/span><\/span><\/span><\/span><\/td>\n<\/tr>\n<tr>\n<td>Term\u00e9k m\u00e9rete<\/td>\n<td><span style=\"vertical-align: inherit;\"><span style=\"vertical-align: inherit;\">82.99x42x42mm<\/span><\/span><\/td>\n<\/tr>\n<tr>\n<td>Kiskereskedelmi csomagol\u00e1s<\/td>\n<td>Bliszterdoboz + Sz\u00ednes doboz + k\u00fcls\u0151 doboz<\/td>\n<\/tr>\n<\/tbody>\n<\/table>","protected":false},"excerpt":{"rendered":"<p><img decoding=\"async\" class=\"alignnone size-full wp-image-9312\" src=\"\/wp-content\/uploads\/product_info_imgs\/product01.png\" alt=\"\" width=\"15\" height=\"15\" \/>\u00a0 Egy vadonat\u00faj, magasan integr\u00e1lt megold\u00e1s alkalmaz\u00e1s\u00e1val nagyobb hat\u00e9konys\u00e1got \u00e9r el.<br \/>\n<img decoding=\"async\" class=\"alignnone size-full wp-image-9312\" src=\"\/wp-content\/uploads\/product_info_imgs\/product01.png\" alt=\"\" width=\"15\" height=\"15\" \/>\u00a0 K\u00f6r alak\u00fa diz\u00e1jn, er\u0151s min\u0151s\u00e9gi \u00e9s egyedi \u00e9rz\u00e9kkel.<br \/>\n<img decoding=\"async\" class=\"alignnone size-full wp-image-9312\" src=\"\/wp-content\/uploads\/product_info_imgs\/product01.png\" alt=\"\" width=\"15\" height=\"15\" \/>\u00a0 A n\u00e9gyr\u00e9teg\u0171 magtechnol\u00f3gia szigor\u00fa t\u00f6lt\u00e9sbiztons\u00e1got garant\u00e1l.<br \/>\n<img decoding=\"async\" class=\"alignnone size-full wp-image-9312\" src=\"\/wp-content\/uploads\/product_info_imgs\/product01.png\" alt=\"\" width=\"15\" height=\"15\" \/>\u00a0 Vil\u00e1gels\u0151 vesztes\u00e9gmentes t\u00f6lt\u00e9si kialak\u00edt\u00e1ssal rendelkezik, glob\u00e1lis szabadalmi v\u00e9delemmel.<br \/>\n<img decoding=\"async\" class=\"alignnone size-full wp-image-9312\" src=\"\/wp-content\/uploads\/product_info_imgs\/product01.png\" alt=\"\" width=\"15\" height=\"15\" \/>\u00a0 Pr\u00e9mium min\u0151s\u00e9g\u0171, puha szilikon k\u00fcls\u0151 bor\u00edt\u00e1s, amely b\u0151rbar\u00e1t, kop\u00e1s\u00e1ll\u00f3 \u00e9s tart\u00f3s.<br \/>\n<img decoding=\"async\" class=\"alignnone size-full wp-image-9312\" src=\"\/wp-content\/uploads\/product_info_imgs\/product01.png\" alt=\"\" width=\"15\" height=\"15\" \/>\u00a0 Mini \u00e9s hordozhat\u00f3 kialak\u00edt\u00e1s, mind\u00f6ssze 42 mm \u00e1tm\u00e9r\u0151j\u0171.<\/p>","protected":false},"featured_media":15987,"comment_status":"open","ping_status":"closed","template":"","meta":[],"product_brand":[],"product_cat":[122,121,155,165,123],"product_tag":[242],"class_list":{"0":"post-18243","1":"product","2":"type-product","3":"status-publish","4":"has-post-thumbnail","6":"product_cat-chargers","7":"product_cat-products","8":"product_cat-salet","9":"product_cat-ta3802","10":"product_cat-travel-chargers","11":"product_tag-65w","12":"pa_power-65w","14":"first","15":"instock","16":"taxable","17":"shipping-taxable","18":"purchasable","19":"product-type-variable","20":"has-default-attributes","21":"wvs-archive-product-wrapper"},"_links":{"self":[{"href":"https:\/\/41.1edotech.com\/hu\/wp-json\/wp\/v2\/product\/18243","targetHints":{"allow":["GET"]}}],"collection":[{"href":"https:\/\/41.1edotech.com\/hu\/wp-json\/wp\/v2\/product"}],"about":[{"href":"https:\/\/41.1edotech.com\/hu\/wp-json\/wp\/v2\/types\/product"}],"replies":[{"embeddable":true,"href":"https:\/\/41.1edotech.com\/hu\/wp-json\/wp\/v2\/comments?post=18243"}],"version-history":[{"count":0,"href":"https:\/\/41.1edotech.com\/hu\/wp-json\/wp\/v2\/product\/18243\/revisions"}],"wp:featuredmedia":[{"embeddable":true,"href":"https:\/\/41.1edotech.com\/hu\/wp-json\/wp\/v2\/media\/15987"}],"wp:attachment":[{"href":"https:\/\/41.1edotech.com\/hu\/wp-json\/wp\/v2\/media?parent=18243"}],"wp:term":[{"taxonomy":"product_brand","embeddable":true,"href":"https:\/\/41.1edotech.com\/hu\/wp-json\/wp\/v2\/product_brand?post=18243"},{"taxonomy":"product_cat","embeddable":true,"href":"https:\/\/41.1edotech.com\/hu\/wp-json\/wp\/v2\/product_cat?post=18243"},{"taxonomy":"product_tag","embeddable":true,"href":"https:\/\/41.1edotech.com\/hu\/wp-json\/wp\/v2\/product_tag?post=18243"}],"curies":[{"name":"munkaf\u00fczet","href":"https:\/\/api.w.org\/{rel}","templated":true}]}}