


{"id":18412,"date":"2026-02-12T03:51:35","date_gmt":"2026-02-12T03:51:35","guid":{"rendered":"https:\/\/hk.1edo.com\/?post_type=product&#038;p=18412"},"modified":"2026-04-01T01:32:12","modified_gmt":"2026-04-01T01:32:12","slug":"hcd-0701-magnetic-to-usb-c-cable-red-white-green-purple-3a-1800mm","status":"publish","type":"product","link":"https:\/\/41.1edotech.com\/hu\/termek\/hcd-0701-magnetic-to-usb-c-cable-red-white-green-purple-3a-1800mm\/","title":{"rendered":"HCD-0701 M\u00e1gneses-USB-C k\u00e1bel piros\/feh\u00e9r\/z\u00f6ld\/lila 3A-1800MM"},"content":{"rendered":"<table width=\"1080\">\n<tbody>\n<tr>\n<td width=\"192\">Modell<\/td>\n<td width=\"888\">HCD-0701R\/HCD-0701W\/HCD-0701G\/HCD-0701P<\/td>\n<\/tr>\n<tr>\n<td>Sz\u00edn<\/td>\n<td><span style=\"vertical-align: inherit;\"><span style=\"vertical-align: inherit;\">Piros\/Feh\u00e9r\/Z\u00f6ld\/Lila<\/span><\/span><\/td>\n<\/tr>\n<tr>\n<td>Fel\u00fclet<\/td>\n<td><span style=\"vertical-align: inherit;\"><span style=\"vertical-align: inherit;\"><span style=\"vertical-align: inherit;\">M\u00e1gneses USB-C-hez<\/span><\/span><\/span><\/td>\n<\/tr>\n<tr>\n<td>Jelenlegi<\/td>\n<td><span style=\"vertical-align: inherit;\">3A<\/span><\/td>\n<\/tr>\n<tr>\n<td>K\u00e1belhossz<\/td>\n<td width=\"888\">1,8 milli\u00f3<\/td>\n<\/tr>\n<tr>\n<td>Anyag<\/td>\n<td>Nejlon fonott<\/td>\n<\/tr>\n<\/tbody>\n<\/table>","protected":false},"excerpt":{"rendered":"<p><img decoding=\"async\" class=\"alignnone size-full wp-image-9312\" src=\"\/wp-content\/uploads\/product_info_imgs\/product01.png\" alt=\"\" width=\"15\" height=\"15\" \/>\u00a0 Fonott h\u00e1l\u00f3s k\u00e1bel, er\u0151s \u00e9s rugalmas.<br \/>\n<img decoding=\"async\" class=\"alignnone size-full wp-image-9312\" src=\"\/wp-content\/uploads\/product_info_imgs\/product01.png\" alt=\"\" width=\"15\" height=\"15\" \/>\u00a0 Gyors t\u00f6lt\u00e9s + adatszinkroniz\u00e1l\u00e1s.<br \/>\n<img decoding=\"async\" class=\"alignnone size-full wp-image-9312\" src=\"\/wp-content\/uploads\/product_info_imgs\/product01.png\" alt=\"\" width=\"15\" height=\"15\" \/>\u00a0 Be\u00e9p\u00edtett intelligens chip.<br \/>\n<img decoding=\"async\" class=\"alignnone size-full wp-image-9312\" src=\"\/wp-content\/uploads\/product_info_imgs\/product01.png\" alt=\"\" width=\"15\" height=\"15\" \/>\u00a0 Meger\u0151s\u00edtett csatlakoz\u00f3k.<br \/>\n<img decoding=\"async\" class=\"alignnone size-full wp-image-9312\" src=\"\/wp-content\/uploads\/product_info_imgs\/product01.png\" alt=\"\" width=\"15\" height=\"15\" \/>\u00a0 12 000+ hajl\u00edt\u00e1si \u00e9lettartam.<br \/>\n<img decoding=\"async\" class=\"alignnone size-full wp-image-9312\" src=\"\/wp-content\/uploads\/product_info_imgs\/product01.png\" alt=\"\" width=\"15\" height=\"15\" \/>\u00a0 Nagy teljes\u00edtm\u00e9ny\u0171, ultragyors t\u00f6lt\u00e9s.<\/p>","protected":false},"featured_media":18324,"comment_status":"open","ping_status":"closed","template":"","meta":[],"product_brand":[],"product_cat":[540,539,542,121],"product_tag":[549],"class_list":{"0":"post-18412","1":"product","2":"type-product","3":"status-publish","4":"has-post-thumbnail","6":"product_cat-3a1-8m","7":"product_cat-cable","8":"product_cat-magnetic-to-usb-c","9":"product_cat-products","10":"product_tag-usb-c-cable","12":"first","13":"instock","14":"taxable","15":"shipping-taxable","16":"purchasable","17":"product-type-variable","18":"has-default-attributes","19":"wvs-archive-product-wrapper"},"_links":{"self":[{"href":"https:\/\/41.1edotech.com\/hu\/wp-json\/wp\/v2\/product\/18412","targetHints":{"allow":["GET"]}}],"collection":[{"href":"https:\/\/41.1edotech.com\/hu\/wp-json\/wp\/v2\/product"}],"about":[{"href":"https:\/\/41.1edotech.com\/hu\/wp-json\/wp\/v2\/types\/product"}],"replies":[{"embeddable":true,"href":"https:\/\/41.1edotech.com\/hu\/wp-json\/wp\/v2\/comments?post=18412"}],"version-history":[{"count":0,"href":"https:\/\/41.1edotech.com\/hu\/wp-json\/wp\/v2\/product\/18412\/revisions"}],"wp:featuredmedia":[{"embeddable":true,"href":"https:\/\/41.1edotech.com\/hu\/wp-json\/wp\/v2\/media\/18324"}],"wp:attachment":[{"href":"https:\/\/41.1edotech.com\/hu\/wp-json\/wp\/v2\/media?parent=18412"}],"wp:term":[{"taxonomy":"product_brand","embeddable":true,"href":"https:\/\/41.1edotech.com\/hu\/wp-json\/wp\/v2\/product_brand?post=18412"},{"taxonomy":"product_cat","embeddable":true,"href":"https:\/\/41.1edotech.com\/hu\/wp-json\/wp\/v2\/product_cat?post=18412"},{"taxonomy":"product_tag","embeddable":true,"href":"https:\/\/41.1edotech.com\/hu\/wp-json\/wp\/v2\/product_tag?post=18412"}],"curies":[{"name":"munkaf\u00fczet","href":"https:\/\/api.w.org\/{rel}","templated":true}]}}