


{"id":3,"date":"2023-08-01T23:58:36","date_gmt":"2023-08-01T23:58:36","guid":{"rendered":"https:\/\/www.1edo.com\/?page_id=3"},"modified":"2026-01-13T10:49:29","modified_gmt":"2026-01-13T10:49:29","slug":"privacy-policy","status":"publish","type":"page","link":"https:\/\/41.1edotech.com\/mx\/privacy-policy\/","title":{"rendered":"pol\u00edtica de privacidad"},"content":{"rendered":"<style type=\"text\/css\" data-created_by=\"avia_inline_auto\" id=\"style-css-av-g88b-69ddafea099c8e4b50c55fb5c2d9bced\">\n.avia-section.av-g88b-69ddafea099c8e4b50c55fb5c2d9bced{\nbackground-color:#fafafa;\nbackground-image:unset;\nmargin-top:0px;\nmargin-bottom:0px;\n}\n<\/style>\n<div id='av_section_1'  class='avia-section av-g88b-69ddafea099c8e4b50c55fb5c2d9bced main_color avia-section-small avia-no-border-styling  avia-builder-el-0  el_before_av_section  avia-builder-el-first  avia-bg-style-scroll container_wrap sidebar_right'  ><div class='container av-section-cont-open' ><main  role=\"main\" itemprop=\"mainContentOfPage\"  class='template-page content  av-content-small alpha units'><div class='post-entry post-entry-type-page post-entry-3'><div class='entry-content-wrapper clearfix'>\n\n<style type=\"text\/css\" data-created_by=\"avia_inline_auto\" id=\"style-css-av-d3mz-ce9581dae05a52e7ea4e3c9a02e1bd6e\">\n#top .flex_column.av-d3mz-ce9581dae05a52e7ea4e3c9a02e1bd6e{\nmargin-top:0px;\nmargin-bottom:0px;\n}\n.flex_column.av-d3mz-ce9581dae05a52e7ea4e3c9a02e1bd6e{\npadding:0% 0% 0% 0%;\n}\n.responsive #top #wrap_all .flex_column.av-d3mz-ce9581dae05a52e7ea4e3c9a02e1bd6e{\nmargin-top:0px;\nmargin-bottom:0px;\n}\n<\/style>\n<div class='flex_column av-d3mz-ce9581dae05a52e7ea4e3c9a02e1bd6e av_one_full  avia-builder-el-1  avia-builder-el-no-sibling  first flex_column_div av-animated-generic left-to-right av-zero-column-padding'     ><style type=\"text\/css\" data-created_by=\"avia_inline_auto\" id=\"style-css-av-bhmd-f6db3fb0993e3e4b83701c8962399a6d\">\n#top .av-special-heading.av-bhmd-f6db3fb0993e3e4b83701c8962399a6d{\nmargin:0% 0% 0% 0%;\npadding-bottom:0;\ncolor:#5d5f5f;\nfont-size:24px;\n}\nbody .av-special-heading.av-bhmd-f6db3fb0993e3e4b83701c8962399a6d .av-special-heading-tag .heading-char{\nfont-size:25px;\n}\n#top #wrap_all .av-special-heading.av-bhmd-f6db3fb0993e3e4b83701c8962399a6d .av-special-heading-tag{\nfont-size:24px;\npadding:0% 0% 0% 0%;\n}\n.av-special-heading.av-bhmd-f6db3fb0993e3e4b83701c8962399a6d .special-heading-inner-border{\nborder-color:#5d5f5f;\n}\n.av-special-heading.av-bhmd-f6db3fb0993e3e4b83701c8962399a6d .av-subheading{\nfont-size:15px;\n}\n\n@media only screen and (max-width: 479px){ \n#top #wrap_all .av-special-heading.av-bhmd-f6db3fb0993e3e4b83701c8962399a6d .av-special-heading-tag{\nfont-size:20px;\n}\n}\n\n@media only screen and (min-width: 480px) and (max-width: 767px){ \n#top #wrap_all .av-special-heading.av-bhmd-f6db3fb0993e3e4b83701c8962399a6d .av-special-heading-tag{\nfont-size:0.8em;\n}\n}\n<\/style>\n<div  class='av-special-heading av-bhmd-f6db3fb0993e3e4b83701c8962399a6d av-special-heading-h1 custom-color-heading blockquote modern-quote  avia-builder-el-2  avia-builder-el-no-sibling  av-inherit-size'><h1 class='av-special-heading-tag'  itemprop=\"headline\"  >POL\u00cdTICA DE PRIVACIDAD<\/h1><div class=\"special-heading-border\"><div class=\"special-heading-inner-border\"><\/div><\/div><\/div><\/div><\/div><\/div><\/main><!-- close content main element --><\/div><\/div>\n<style type=\"text\/css\" data-created_by=\"avia_inline_auto\" id=\"style-css-av-9tyl-1a7b3aa8c221fb4897a255baf0eeaeec\">\n.avia-section.av-9tyl-1a7b3aa8c221fb4897a255baf0eeaeec{\nmargin-top:2%;\nmargin-bottom:2%;\n}\n<\/style>\n<div id='av_section_2'  class='avia-section av-9tyl-1a7b3aa8c221fb4897a255baf0eeaeec main_color avia-section-default avia-no-border-styling  avia-builder-el-3  el_after_av_section  avia-builder-el-last  avia-bg-style-scroll container_wrap sidebar_right'  ><div class='container av-section-cont-open' ><div class='template-page content  av-content-small alpha units'><div class='post-entry post-entry-type-page post-entry-3'><div class='entry-content-wrapper clearfix'>\n\n<style type=\"text\/css\" data-created_by=\"avia_inline_auto\" id=\"style-css-av-7ek7-5f7f54cd528245fd8a9c920c58d9aa07\">\n#top .flex_column.av-7ek7-5f7f54cd528245fd8a9c920c58d9aa07{\nmargin-top:0%;\nmargin-bottom:0%;\n}\n.flex_column.av-7ek7-5f7f54cd528245fd8a9c920c58d9aa07{\npadding:0% 0% 0% 0%;\n}\n.responsive #top #wrap_all .flex_column.av-7ek7-5f7f54cd528245fd8a9c920c58d9aa07{\nmargin-top:0%;\nmargin-bottom:0%;\n}\n<\/style>\n<div class='flex_column av-7ek7-5f7f54cd528245fd8a9c920c58d9aa07 av_one_full  avia-builder-el-4  avia-builder-el-no-sibling  first flex_column_div av-animated-generic fade-in av-zero-column-padding'     ><p>\n<style type=\"text\/css\" data-created_by=\"avia_inline_auto\" id=\"style-css-av-6309-6b54a7aa7b01ce26e300079621713829\">\n#top .av-special-heading.av-6309-6b54a7aa7b01ce26e300079621713829{\nmargin:0% 0% 0% 0%;\npadding-bottom:0;\nfont-size:48px;\n}\nbody .av-special-heading.av-6309-6b54a7aa7b01ce26e300079621713829 .av-special-heading-tag .heading-char{\nfont-size:25px;\n}\n#top #wrap_all .av-special-heading.av-6309-6b54a7aa7b01ce26e300079621713829 .av-special-heading-tag{\nfont-size:48px;\npadding:0% 0% 1% 0%;\n}\n.av-special-heading.av-6309-6b54a7aa7b01ce26e300079621713829 .av-subheading{\nfont-size:15px;\n}\n\n@media only screen and (max-width: 479px){ \n#top #wrap_all .av-special-heading.av-6309-6b54a7aa7b01ce26e300079621713829 .av-special-heading-tag{\nfont-size:28px;\n}\n}\n\n@media only screen and (min-width: 480px) and (max-width: 767px){ \n#top #wrap_all .av-special-heading.av-6309-6b54a7aa7b01ce26e300079621713829 .av-special-heading-tag{\nfont-size:0.8em;\n}\n}\n<\/style>\n<div  class='av-special-heading av-6309-6b54a7aa7b01ce26e300079621713829 av-special-heading-h2 blockquote modern-quote  avia-builder-el-5  el_before_av_textblock  avia-builder-el-first  av-inherit-size'><h2 class='av-special-heading-tag'  itemprop=\"headline\"  >DECLARACI\u00d3N DE PRIVACIDAD DEL SITIO WEB DE 1edo<\/h2><div class=\"special-heading-border\"><div class=\"special-heading-inner-border\"><\/div><\/div><\/div><br \/>\n\n<style type=\"text\/css\" data-created_by=\"avia_inline_auto\" id=\"style-css-av-3dwz-35a6c66197c24629c7eaf07caf8a7538\">\n#top .av_textblock_section.av-3dwz-35a6c66197c24629c7eaf07caf8a7538 .avia_textblock{\nfont-size:16px;\ntext-align:left;\n}\n\n@media only screen and (max-width: 479px){ \n#top .av_textblock_section.av-3dwz-35a6c66197c24629c7eaf07caf8a7538 .avia_textblock{\nfont-size:16px;\n}\n}\n<\/style>\n<section  class='av_textblock_section av-3dwz-35a6c66197c24629c7eaf07caf8a7538'  itemscope=\"itemscope\" itemtype=\"https:\/\/schema.org\/CreativeWork\" ><div class='avia_textblock nocti_polly_vbnmdfgv'  itemprop=\"text\" ><p>\u00daltima actualizaci\u00f3n: julio de 2023<br \/>\nEste aviso de privacidad explica c\u00f3mo 1edo recopila y utiliza datos personales de los visitantes de sus sitios web y m\u00f3viles que enlazan directamente con este aviso (colectivamente, &quot;Sitios&quot;). Sus datos personales est\u00e1n controlados por<br \/>\n1edo Europe SA (en adelante, \u201c1edo\u201d, \u201dNosotros\u201d y \u201cNos\u201d).<\/p>\n<h2>DATOS ENVIADOS ACTIVAMENTE<\/h2>\n<p>Si nos llama, nos env\u00eda un correo electr\u00f3nico o completa un formulario en uno de nuestros sitios web, utilizamos la informaci\u00f3n que nos proporciona para responder a su solicitud, comunicarnos con usted o brindarle asistencia. Si realiza compras a trav\u00e9s de nuestros sitios web, podemos recopilar los datos necesarios para procesar su pedido, como su direcci\u00f3n de env\u00edo, los productos solicitados y su informaci\u00f3n de contacto.<\/p>\n<h2>DATOS PROPORCIONADOS DE FORMA PASIVA<\/h2>\n<p>Al acceder a nuestros sitios web, seg\u00fan sus preferencias, compartimos cierta informaci\u00f3n sobre su ordenador o dispositivo m\u00f3vil. Esta informaci\u00f3n puede incluir las actividades que realiza en nuestros sitios, el tipo de hardware y software que utiliza (como su sistema operativo o navegador), informaci\u00f3n almacenada en cookies, direcci\u00f3n IP, horas de acceso, las p\u00e1ginas web desde las que accedi\u00f3, las regiones desde las que navega y las p\u00e1ginas web a las que accede. Utilizamos esta informaci\u00f3n para comprender mejor los intereses de los usuarios de nuestros sitios web y para mejorarlos, as\u00ed como nuestros servicios y productos.<\/p>\n<p>Actualmente no respondemos a las se\u00f1ales de &quot;No rastrear&quot; en los navegadores, ya que estamos intentando ofrecer una experiencia personalizada en nuestro sitio web.<\/p>\n<h2>GALLETAS<\/h2>\n<p>1edo utiliza cookies, que son peque\u00f1os archivos de datos que se almacenan en su ordenador, tableta, tel\u00e9fono m\u00f3vil u otros dispositivos. Haga clic aqu\u00ed para obtener m\u00e1s informaci\u00f3n sobre las cookies.<\/p>\n<h2>USO Y COMPARTICI\u00d3N DE DATOS<\/h2>\n<p>Utilizamos los datos que recopilamos para brindarle experiencias interactivas y enriquecedoras. En particular, podemos utilizar los datos para:<\/p>\n<ul>\n<li>prestar el servicio o realizar las transacciones a su solicitud;<\/li>\n<li>mejorar y desarrollar nuestros productos;<\/li>\n<li>Personaliza tu experiencia;<\/li>\n<li>procesar las solicitudes de empleo que usted env\u00ede a trav\u00e9s de nuestros Sitios;<\/li>\n<li>Publicitar y comercializar para usted sujeto a los requisitos legales aplicables, lo que puede incluir el env\u00edo de comunicaciones promocionales, segmentaci\u00f3n<\/li>\n<li>publicidad y presentarle ofertas relevantes.<\/li>\n<\/ul>\n<h2>NI\u00d1OS<\/h2>\n<p>No recopilamos ni conservamos informaci\u00f3n de menores de 13 a\u00f1os. Si descubrimos que se ha recopilado informaci\u00f3n de menores de 13 a\u00f1os en o a trav\u00e9s de nuestros sitios web, tomaremos las medidas necesarias para eliminarla. Si usted es padre, madre o tutor legal de un menor de 13 a\u00f1os que se ha registrado en nuestros sitios web, p\u00f3ngase en contacto con nosotros utilizando la informaci\u00f3n de contacto que aparece a continuaci\u00f3n para que se cancele la cuenta o el servicio del menor y se elimine su informaci\u00f3n personal.<\/p>\n<h2>RETENCI\u00d3N DE DATOS<\/h2>\n<p>Conservamos los datos personales durante el tiempo necesario para prestar el servicio y completar las transacciones que usted haya solicitado, o para otros fines leg\u00edtimos, como el cumplimiento de nuestras obligaciones legales, la resoluci\u00f3n de disputas y el cumplimiento de nuestros acuerdos. Dado que estas necesidades pueden variar seg\u00fan el tipo de datos, el contexto de nuestras interacciones con usted o su uso de nuestros Sitios, los periodos de conservaci\u00f3n reales pueden variar significativamente.<\/p>\n<h2>SEGURIDAD DE LOS DATOS<\/h2>\n<p>Utilizamos certificados TLS, cifrado, limitaciones de acceso a datos, software antivirus y cortafuegos para reducir el riesgo de acceso no autorizado a datos personales. Ninguna transmisi\u00f3n de datos a trav\u00e9s de Internet o de redes inal\u00e1mbricas es completamente segura. Tenga en cuenta los riesgos de seguridad al transmitirnos datos personales y al publicar informaci\u00f3n en nuestros foros p\u00fablicos.<br \/>\nSi desea informar sobre alg\u00fan problema de seguridad en cualquiera de nuestros productos, complete el formulario y los documentos adjuntos requeridos y env\u00edelos a 1edo Security.<\/p>\n<h2>CONTROL Y ACCESO A SU INFORMACI\u00d3N<\/h2>\n<p>Usted puede solicitar que actualicemos o eliminemos\/desactivemos cierta informaci\u00f3n relacionada con usted.<\/p>\n<p>Si no podemos eliminar cierta informaci\u00f3n personal, le informaremos del motivo. Si se ha suscrito a correos electr\u00f3nicos de marketing, puede cancelar su suscripci\u00f3n siguiendo las instrucciones que aparecen en el correo electr\u00f3nico recibido o en la p\u00e1gina de gesti\u00f3n de suscripciones de nuestro sitio web: https:\/\/www.1edo.com\/subscribe.<\/p>\n<p>Tambi\u00e9n tiene derecho a solicitar c\u00f3mo se procesan sus datos y con qui\u00e9n los compartimos.<\/p>\n<p>Adem\u00e1s, si usted cree que cierta informaci\u00f3n que 1edo procesa sobre usted es inexacta, tiene derecho a que se corrija dicha informaci\u00f3n.<\/p>\n<p>Nos esforzaremos por responder a su solicitud de revisi\u00f3n de la informaci\u00f3n que tenemos registrada sobre usted en un plazo de 30 d\u00edas a partir de la recepci\u00f3n de dicha solicitud.<\/p>\n<p>Si tiene preguntas, comentarios o desea realizar una solicitud relacionada con sus datos o nuestra Declaraci\u00f3n, Declaraciones anteriores y pr\u00e1cticas de datos, comun\u00edquese con nosotros a trav\u00e9s de support.1edo.com\/response-center o mediante los siguientes m\u00e9todos:<\/p>\n<p>Tel\u00e9fono: +86-755-61811368<br \/>\nContacto: support.1edo.com\/response-center<br \/>\nCorreo postal: 5F, Edificio B20, Parque Industrial Hengfeng, Xixiangtown, Distrito Bao&#039;an, Shenzhen, China<\/p>\n<p>Si no est\u00e1 satisfecho con nuestra respuesta, puede remitir su queja o reclamaci\u00f3n sobre privacidad a la autoridad estatal o nacional de protecci\u00f3n de datos competente en su jurisdicci\u00f3n.<\/p>\n<h2>MODIFICAR ESTA DECLARACI\u00d3N<\/h2>\n<p>Actualizaremos esta Declaraci\u00f3n peri\u00f3dicamente. Si se producen cambios sustanciales en esta Declaraci\u00f3n o en la forma en que utilizaremos su informaci\u00f3n personal, publicaremos dichos cambios de forma destacada antes de implementarlos.<\/p>\n<p>No realizaremos ning\u00fan cambio que reduzca la protecci\u00f3n de su informaci\u00f3n personal recopilada en el pasado sin su consentimiento.<\/p>\n<p>Le recomendamos que revise peri\u00f3dicamente esta Declaraci\u00f3n para estar al tanto de c\u00f3mo protegemos su informaci\u00f3n.<\/p>\n<p>Gracias por su inter\u00e9s en 1edo y en nuestros productos y servicios.<\/p>\n<\/div><\/section><\/p><\/div>\n<\/div><\/div><\/div><!-- close content main div --><\/div><\/div><div id='after_section_2'  class='main_color av_default_container_wrap container_wrap sidebar_right'  ><div class='container av-section-cont-open' ><div class='template-page content  av-content-small alpha units'><div class='post-entry post-entry-type-page post-entry-3'><div class='entry-content-wrapper clearfix'><\/p>","protected":false},"excerpt":{"rendered":"","protected":false},"author":1,"featured_media":0,"parent":0,"menu_order":59,"comment_status":"closed","ping_status":"open","template":"","meta":{"footnotes":""},"class_list":["post-3","page","type-page","status-publish","hentry"],"_links":{"self":[{"href":"https:\/\/41.1edotech.com\/mx\/wp-json\/wp\/v2\/pages\/3","targetHints":{"allow":["GET"]}}],"collection":[{"href":"https:\/\/41.1edotech.com\/mx\/wp-json\/wp\/v2\/pages"}],"about":[{"href":"https:\/\/41.1edotech.com\/mx\/wp-json\/wp\/v2\/types\/page"}],"author":[{"embeddable":true,"href":"https:\/\/41.1edotech.com\/mx\/wp-json\/wp\/v2\/users\/1"}],"replies":[{"embeddable":true,"href":"https:\/\/41.1edotech.com\/mx\/wp-json\/wp\/v2\/comments?post=3"}],"version-history":[{"count":0,"href":"https:\/\/41.1edotech.com\/mx\/wp-json\/wp\/v2\/pages\/3\/revisions"}],"wp:attachment":[{"href":"https:\/\/41.1edotech.com\/mx\/wp-json\/wp\/v2\/media?parent=3"}],"curies":[{"name":"wp","href":"https:\/\/api.w.org\/{rel}","templated":true}]}}