


{"id":16726,"date":"2026-01-24T12:00:42","date_gmt":"2026-01-24T12:00:42","guid":{"rendered":"https:\/\/hk.1edo.com\/?post_type=product&#038;p=16726"},"modified":"2026-03-31T07:46:09","modified_gmt":"2026-03-31T07:46:09","slug":"ta3803-pd20w-magnetic-to-lightning-charger-for-jp","status":"publish","type":"product","link":"https:\/\/41.1edotech.com\/pl\/produkt\/ta3803-pd20w-magnetic-to-lightning-charger-for-jp\/","title":{"rendered":"\u0141adowarka magnetyczna do z\u0142\u0105cza Lightning dla JP TA3803-PD20W"},"content":{"rendered":"<table width=\"1080\">\n<tbody>\n<tr>\n<td width=\"192\">Model<\/td>\n<td width=\"888\"><span style=\"vertical-align: inherit;\"><span style=\"vertical-align: inherit;\"><span style=\"vertical-align: inherit;\"><span style=\"vertical-align: inherit;\"><span style=\"vertical-align: inherit;\"><span style=\"vertical-align: inherit;\"><span style=\"vertical-align: inherit;\">TA3803.JP<\/span><\/span><\/span><\/span><\/span><\/span><\/span><\/td>\n<\/tr>\n<tr>\n<td>Kolor<\/td>\n<td><span style=\"vertical-align: inherit;\"><span style=\"vertical-align: inherit;\">Czerwony\/Bia\u0142y\/Zielony\/Fioletowy<\/span><\/span><\/td>\n<\/tr>\n<tr>\n<td>Moc<\/td>\n<td><span style=\"vertical-align: inherit;\"><span style=\"vertical-align: inherit;\"><span style=\"vertical-align: inherit;\">20,0 W<\/span><\/span><\/span><\/td>\n<\/tr>\n<tr>\n<td>Wej\u015bcie<\/td>\n<td><span style=\"vertical-align: inherit;\"><span style=\"vertical-align: inherit;\"><span style=\"vertical-align: inherit;\"><span style=\"vertical-align: inherit;\"><span style=\"vertical-align: inherit;\">100 V~240 V 50\/60 Hz 1,0 A (maks.)<\/span><\/span><\/span><\/span><\/span><\/td>\n<\/tr>\n<tr>\n<td>Wyj\u015bcie<\/td>\n<td width=\"888\"><span style=\"vertical-align: inherit;\"><span style=\"vertical-align: inherit;\"><span style=\"vertical-align: inherit;\"><span style=\"vertical-align: inherit;\"><span style=\"vertical-align: inherit;\"><span style=\"vertical-align: inherit;\"><span style=\"vertical-align: inherit;\">5 V\u23933 A, 9 V\u23932,22 A (maks. 20 W)<\/span><\/span><\/span><\/span><\/span><\/span><\/span><\/td>\n<\/tr>\n<tr>\n<td>Protok\u00f3\u0142 szybkiego \u0142adowania<\/td>\n<td><span style=\"vertical-align: inherit;\"><span style=\"vertical-align: inherit;\">BC1.2 \/ APPLE 2.4A \/ SAMSUNG 2A QC3.0 \/ QC2.0 \/ PD3.0 \/ PD2.0 \/ AFC \/ FCP \/ SCP \/ PE2.0 \/ PE1.1 \/ SFCP<\/span><\/span><\/td>\n<\/tr>\n<tr>\n<td>Normy bezpiecze\u0144stwa<\/td>\n<td><span style=\"vertical-align: inherit;\"><span style=\"vertical-align: inherit;\"><span style=\"vertical-align: inherit;\"><span style=\"vertical-align: inherit;\"><span style=\"vertical-align: inherit;\"><span style=\"vertical-align: inherit;\"><span style=\"vertical-align: inherit;\">EN 62368-1:2014 \/ A11:2017 IEC 62368-1:2014 \/ A11:2017 UL 62368-1:2014<\/span><\/span><\/span><\/span><\/span><\/span><\/span><\/td>\n<\/tr>\n<tr>\n<td>Rozmiar produktu<\/td>\n<td><span style=\"vertical-align: inherit;\"><span style=\"vertical-align: inherit;\">81,55x38x38 mm<\/span><\/span><\/td>\n<\/tr>\n<tr>\n<td>Opakowania detaliczne<\/td>\n<td>Pude\u0142ko typu blister + pude\u0142ko kolorowe + karton zewn\u0119trzny<\/td>\n<\/tr>\n<\/tbody>\n<\/table>","protected":false},"excerpt":{"rendered":"<p><img decoding=\"async\" class=\"alignnone size-full wp-image-9312\" src=\"\/wp-content\/uploads\/product_info_imgs\/product01.png\" alt=\"\" width=\"15\" height=\"15\" \/>\u00a0 Dzi\u0119ki zastosowaniu zupe\u0142nie nowego, wysoce zintegrowanego rozwi\u0105zania osi\u0105gni\u0119to wi\u0119ksz\u0105 wydajno\u015b\u0107.<br \/>\n<img decoding=\"async\" class=\"alignnone size-full wp-image-9312\" src=\"\/wp-content\/uploads\/product_info_imgs\/product01.png\" alt=\"\" width=\"15\" height=\"15\" \/>\u00a0 Okr\u0105g\u0142y design z silnym poczuciem jako\u015bci i indywidualno\u015bci.<br \/>\n<img decoding=\"async\" class=\"alignnone size-full wp-image-9312\" src=\"\/wp-content\/uploads\/product_info_imgs\/product01.png\" alt=\"\" width=\"15\" height=\"15\" \/>\u00a0 Cztery warstwy technologii rdzeniowej gwarantuj\u0105 najwy\u017csze bezpiecze\u0144stwo \u0142adowania.<br \/>\n<img decoding=\"async\" class=\"alignnone size-full wp-image-9312\" src=\"\/wp-content\/uploads\/product_info_imgs\/product01.png\" alt=\"\" width=\"15\" height=\"15\" \/>\u00a0 Wyposa\u017cony w pierwsz\u0105 na \u015bwiecie konstrukcj\u0119 umo\u017cliwiaj\u0105c\u0105 bezstratne \u0142adowanie, obj\u0119t\u0105 globaln\u0105 ochron\u0105 patentow\u0105.<br \/>\n<img decoding=\"async\" class=\"alignnone size-full wp-image-9312\" src=\"\/wp-content\/uploads\/product_info_imgs\/product01.png\" alt=\"\" width=\"15\" height=\"15\" \/>\u00a0 Wykonana z mi\u0119kkiego silikonu najwy\u017cszej jako\u015bci, przyjaznego dla sk\u00f3ry, odpornego na zu\u017cycie i trwa\u0142ego.<br \/>\n<img decoding=\"async\" class=\"alignnone size-full wp-image-9312\" src=\"\/wp-content\/uploads\/product_info_imgs\/product01.png\" alt=\"\" width=\"15\" height=\"15\" \/>\u00a0 Miniaturowa i przeno\u015bna konstrukcja, \u015brednica zaledwie 38 mm.<\/p>","protected":false},"featured_media":17328,"comment_status":"open","ping_status":"closed","template":"","meta":[],"product_brand":[],"product_cat":[122,121,166,123],"product_tag":[126],"class_list":{"0":"post-16726","1":"product","2":"type-product","3":"status-publish","4":"has-post-thumbnail","6":"product_cat-chargers","7":"product_cat-products","8":"product_cat-ta3803","9":"product_cat-travel-chargers","10":"product_tag-20w","11":"pa_power-20w","13":"first","14":"instock","15":"taxable","16":"shipping-taxable","17":"purchasable","18":"product-type-variable","19":"wvs-archive-product-wrapper"},"_links":{"self":[{"href":"https:\/\/41.1edotech.com\/pl\/wp-json\/wp\/v2\/product\/16726","targetHints":{"allow":["GET"]}}],"collection":[{"href":"https:\/\/41.1edotech.com\/pl\/wp-json\/wp\/v2\/product"}],"about":[{"href":"https:\/\/41.1edotech.com\/pl\/wp-json\/wp\/v2\/types\/product"}],"replies":[{"embeddable":true,"href":"https:\/\/41.1edotech.com\/pl\/wp-json\/wp\/v2\/comments?post=16726"}],"version-history":[{"count":0,"href":"https:\/\/41.1edotech.com\/pl\/wp-json\/wp\/v2\/product\/16726\/revisions"}],"wp:featuredmedia":[{"embeddable":true,"href":"https:\/\/41.1edotech.com\/pl\/wp-json\/wp\/v2\/media\/17328"}],"wp:attachment":[{"href":"https:\/\/41.1edotech.com\/pl\/wp-json\/wp\/v2\/media?parent=16726"}],"wp:term":[{"taxonomy":"product_brand","embeddable":true,"href":"https:\/\/41.1edotech.com\/pl\/wp-json\/wp\/v2\/product_brand?post=16726"},{"taxonomy":"product_cat","embeddable":true,"href":"https:\/\/41.1edotech.com\/pl\/wp-json\/wp\/v2\/product_cat?post=16726"},{"taxonomy":"product_tag","embeddable":true,"href":"https:\/\/41.1edotech.com\/pl\/wp-json\/wp\/v2\/product_tag?post=16726"}],"curies":[{"name":"wp","href":"https:\/\/api.w.org\/{rel}","templated":true}]}}