


{"id":16744,"date":"2026-01-24T12:14:27","date_gmt":"2026-01-24T12:14:27","guid":{"rendered":"https:\/\/hk.1edo.com\/?post_type=product&#038;p=16744"},"modified":"2026-03-31T09:01:18","modified_gmt":"2026-03-31T09:01:18","slug":"ta3801-pd30w-magnetic-to-lightning-charging-set-for-mx-tw","status":"publish","type":"product","link":"https:\/\/41.1edotech.com\/se\/produkt\/ta3801-pd30w-magnetic-to-lightning-charging-set-for-mx-tw\/","title":{"rendered":"TA3801 PD30W Magnetic To USB-C Charging set For MX-TW"},"content":{"rendered":"<table width=\"1080\">\n<tbody>\n<tr>\n<td width=\"192\">Modell<\/td>\n<td width=\"888\"><span style=\"vertical-align: inherit;\"><span style=\"vertical-align: inherit;\"><span style=\"vertical-align: inherit;\"><span style=\"vertical-align: inherit;\"><span style=\"vertical-align: inherit;\"><span style=\"vertical-align: inherit;\"><span style=\"vertical-align: inherit;\">TA3801.MX-TW<\/span><\/span><\/span><\/span><\/span><\/span><\/span><\/td>\n<\/tr>\n<tr>\n<td>F\u00e4rg<\/td>\n<td><span style=\"vertical-align: inherit;\"><span style=\"vertical-align: inherit;\">R\u00f6d+Rosa\/R\u00f6d\/Vit\/Orange\/Bl\u00e5\/Gr\u00f6n\/Lila<\/span><\/span><\/td>\n<\/tr>\n<tr>\n<td>Driva<\/td>\n<td><span style=\"vertical-align: inherit;\"><span style=\"vertical-align: inherit;\"><span style=\"vertical-align: inherit;\">30,0 W<\/span><\/span><\/span><\/td>\n<\/tr>\n<tr>\n<td>Input<\/td>\n<td><span style=\"vertical-align: inherit;\"><span style=\"vertical-align: inherit;\"><span style=\"vertical-align: inherit;\"><span style=\"vertical-align: inherit;\"><span style=\"vertical-align: inherit;\">100V~240V 50\/60Hz 1.0A (Max)<\/span><\/span><\/span><\/span><\/span><\/td>\n<\/tr>\n<tr>\n<td>Produktion<\/td>\n<td width=\"888\">5,0V\u23933,0A, 9,0V\u23933,0A, 15,0V\u23932,0A, 20,0V\u23931,5 A (Max 30,0W)<\/td>\n<\/tr>\n<tr>\n<td>Snabbladdningsprotokoll<\/td>\n<td><span style=\"vertical-align: inherit;\"><span style=\"vertical-align: inherit;\">BC1.2 \/ APPLE 2.4A \/ SAMSUNG 2A QC3.0 \/ QC2.0 \/ PD3.0 \/ PD2.0 \/ AFC \/ FCP \/ SCP \/ PE2.0 \/ PE1.1 \/ SFCP<\/span><\/span><\/td>\n<\/tr>\n<tr>\n<td>S\u00e4kerhetsstandarder<\/td>\n<td><span style=\"vertical-align: inherit;\"><span style=\"vertical-align: inherit;\"><span style=\"vertical-align: inherit;\"><span style=\"vertical-align: inherit;\"><span style=\"vertical-align: inherit;\"><span style=\"vertical-align: inherit;\"><span style=\"vertical-align: inherit;\">EN 62368-1:2014 \/ A11:2017 IEC 62368-1:2014 \/ A11:2017 UL 62368-1:2014<\/span><\/span><\/span><\/span><\/span><\/span><\/span><\/td>\n<\/tr>\n<tr>\n<td>Produktstorlek<\/td>\n<td><span style=\"vertical-align: inherit;\"><span style=\"vertical-align: inherit;\">80,25x38x38mm<\/span><\/span><\/td>\n<\/tr>\n<tr>\n<td>F\u00f6rpackningar f\u00f6r detaljhandeln<\/td>\n<td>Blisterf\u00f6rpackning + F\u00e4rgf\u00f6rpackning + ytterkartong<\/td>\n<\/tr>\n<\/tbody>\n<\/table>","protected":false},"excerpt":{"rendered":"<p><img decoding=\"async\" class=\"alignnone size-full wp-image-9312\" src=\"\/wp-content\/uploads\/product_info_imgs\/product01.png\" alt=\"\" width=\"15\" height=\"15\" \/>\u00a0 Genom att anv\u00e4nda en helt ny, h\u00f6gintegrerad l\u00f6sning uppn\u00e5s h\u00f6gre effektivitet.<br \/>\n<img decoding=\"async\" class=\"alignnone size-full wp-image-9312\" src=\"\/wp-content\/uploads\/product_info_imgs\/product01.png\" alt=\"\" width=\"15\" height=\"15\" \/>\u00a0 Cirkul\u00e4r design med en stark k\u00e4nsla f\u00f6r kvalitet och individualitet.<br \/>\n<img decoding=\"async\" class=\"alignnone size-full wp-image-9312\" src=\"\/wp-content\/uploads\/product_info_imgs\/product01.png\" alt=\"\" width=\"15\" height=\"15\" \/>\u00a0 Fyra lager av k\u00e4rnteknik s\u00e4kerst\u00e4ller strikt laddningss\u00e4kerhet.<br \/>\n<img decoding=\"async\" class=\"alignnone size-full wp-image-9312\" src=\"\/wp-content\/uploads\/product_info_imgs\/product01.png\" alt=\"\" width=\"15\" height=\"15\" \/>\u00a0 Har en v\u00e4rldsledande f\u00f6rlustfri laddningsdesign med globalt patentskydd.<br \/>\n<img decoding=\"async\" class=\"alignnone size-full wp-image-9312\" src=\"\/wp-content\/uploads\/product_info_imgs\/product01.png\" alt=\"\" width=\"15\" height=\"15\" \/>\u00a0 Premium mjuk silikonutsida som \u00e4r hudv\u00e4nlig, slitstark och byggd f\u00f6r att h\u00e5lla.<br \/>\n<img decoding=\"async\" class=\"alignnone size-full wp-image-9312\" src=\"\/wp-content\/uploads\/product_info_imgs\/product01.png\" alt=\"\" width=\"15\" height=\"15\" \/>\u00a0 Mini och b\u00e4rbar design, endast 38 mm i diameter.<\/p>","protected":false},"featured_media":16478,"comment_status":"open","ping_status":"closed","template":"","meta":[],"product_brand":[],"product_cat":[122,121,123,153],"product_tag":[220],"class_list":{"0":"post-16744","1":"product","2":"type-product","3":"status-publish","4":"has-post-thumbnail","6":"product_cat-chargers","7":"product_cat-products","8":"product_cat-travel-chargers","9":"product_cat-ta3801","10":"product_tag-30w","11":"pa_power-30w","13":"first","14":"instock","15":"taxable","16":"shipping-taxable","17":"purchasable","18":"product-type-variable","19":"has-default-attributes","20":"wvs-archive-product-wrapper"},"_links":{"self":[{"href":"https:\/\/41.1edotech.com\/se\/wp-json\/wp\/v2\/product\/16744","targetHints":{"allow":["GET"]}}],"collection":[{"href":"https:\/\/41.1edotech.com\/se\/wp-json\/wp\/v2\/product"}],"about":[{"href":"https:\/\/41.1edotech.com\/se\/wp-json\/wp\/v2\/types\/product"}],"replies":[{"embeddable":true,"href":"https:\/\/41.1edotech.com\/se\/wp-json\/wp\/v2\/comments?post=16744"}],"version-history":[{"count":0,"href":"https:\/\/41.1edotech.com\/se\/wp-json\/wp\/v2\/product\/16744\/revisions"}],"wp:featuredmedia":[{"embeddable":true,"href":"https:\/\/41.1edotech.com\/se\/wp-json\/wp\/v2\/media\/16478"}],"wp:attachment":[{"href":"https:\/\/41.1edotech.com\/se\/wp-json\/wp\/v2\/media?parent=16744"}],"wp:term":[{"taxonomy":"product_brand","embeddable":true,"href":"https:\/\/41.1edotech.com\/se\/wp-json\/wp\/v2\/product_brand?post=16744"},{"taxonomy":"product_cat","embeddable":true,"href":"https:\/\/41.1edotech.com\/se\/wp-json\/wp\/v2\/product_cat?post=16744"},{"taxonomy":"product_tag","embeddable":true,"href":"https:\/\/41.1edotech.com\/se\/wp-json\/wp\/v2\/product_tag?post=16744"}],"curies":[{"name":"wp","href":"https:\/\/api.w.org\/{rel}","templated":true}]}}