


{"id":18532,"date":"2026-02-12T09:01:12","date_gmt":"2026-02-12T09:01:12","guid":{"rendered":"https:\/\/hk.1edo.com\/?post_type=product&#038;p=18532"},"modified":"2026-04-07T08:19:02","modified_gmt":"2026-04-07T08:19:02","slug":"ca2705-car-charger-usb-a1usb-a2-36w","status":"publish","type":"product","link":"https:\/\/41.1edotech.com\/se\/produkt\/ca2705-car-charger-usb-a1usb-a2-36w\/","title":{"rendered":"CA2705 Billaddare USB-A1+USB-A2 36W"},"content":{"rendered":"<table width=\"1080\">\n<tbody>\n<tr>\n<td width=\"192\">Modell<\/td>\n<td width=\"888\"><span style=\"vertical-align: inherit;\"><span style=\"vertical-align: inherit;\"><span style=\"vertical-align: inherit;\"><span style=\"vertical-align: inherit;\"><span style=\"vertical-align: inherit;\"><span style=\"vertical-align: inherit;\"><span style=\"vertical-align: inherit;\">CA2705<\/span><\/span><\/span><\/span><\/span><\/span><\/span><\/td>\n<\/tr>\n<tr>\n<td>F\u00e4rg<\/td>\n<td><span style=\"vertical-align: inherit;\"><span style=\"vertical-align: inherit;\">Vit<\/span><\/span><\/td>\n<\/tr>\n<tr>\n<td>Driva<\/td>\n<td><span style=\"vertical-align: inherit;\"><span style=\"vertical-align: inherit;\"><span style=\"vertical-align: inherit;\">36,0 W<\/span><\/span><\/span><\/td>\n<\/tr>\n<tr>\n<td>Input<\/td>\n<td>Likstr\u00f6m 12V~24V\/4,43A<\/td>\n<\/tr>\n<tr>\n<td>Produktion<\/td>\n<td width=\"888\">USB-A1: 5V \u23933A 9V \u23932A 12V \u23931.5A<br \/>\nUSB-A2: 5V \u23933A 9V \u23932A 12V\u23931,5A<\/td>\n<\/tr>\n<tr>\n<td>Snabbladdningsprotokoll<\/td>\n<td><span style=\"vertical-align: inherit;\"><span style=\"vertical-align: inherit;\">BC1.2 \/ APPLE 2.4A \/ SAMSUNG 2A QC3.0 \/ QC2.0 \/ PD3.0 \/ PD2.0 \/ AFC \/ FCP \/ SCP \/ PE2.0 \/ PE1.1 \/ SFCP<\/span><\/span><\/td>\n<\/tr>\n<tr>\n<td>S\u00e4kerhetsstandarder<\/td>\n<td><span style=\"vertical-align: inherit;\"><span style=\"vertical-align: inherit;\"><span style=\"vertical-align: inherit;\"><span style=\"vertical-align: inherit;\"><span style=\"vertical-align: inherit;\"><span style=\"vertical-align: inherit;\"><span style=\"vertical-align: inherit;\">EN 62368-1:2014 \/ A11:2017 IEC 62368-1:2014 \/ A11:2017 UL 62368-1:2014<\/span><\/span><\/span><\/span><\/span><\/span><\/span><\/td>\n<\/tr>\n<tr>\n<td>Produktstorlek<\/td>\n<td><span style=\"vertical-align: inherit;\"><span style=\"vertical-align: inherit;\">66,75*30*30mm<\/span><\/span><\/td>\n<\/tr>\n<tr>\n<td>F\u00f6rpackningar f\u00f6r detaljhandeln<\/td>\n<td>Blisterf\u00f6rpackning + F\u00e4rgf\u00f6rpackning + ytterkartong<\/td>\n<\/tr>\n<\/tbody>\n<\/table>","protected":false},"excerpt":{"rendered":"<p><img decoding=\"async\" class=\"alignnone size-full wp-image-9312\" src=\"\/wp-content\/uploads\/product_info_imgs\/product01.png\" alt=\"\" width=\"15\" height=\"15\" \/>\u00a0 USB-A snabbladdningsport.<br \/>\n<img decoding=\"async\" class=\"alignnone size-full wp-image-9312\" src=\"\/wp-content\/uploads\/product_info_imgs\/product01.png\" alt=\"\" width=\"15\" height=\"15\" \/>\u00a0 LED-str\u00f6mindikator.<br \/>\n<img decoding=\"async\" class=\"alignnone size-full wp-image-9312\" src=\"\/wp-content\/uploads\/product_info_imgs\/product01.png\" alt=\"\" width=\"15\" height=\"15\" \/>\u00a0 Smart chip-teknik.<br \/>\n<img decoding=\"async\" class=\"alignnone size-full wp-image-9312\" src=\"\/wp-content\/uploads\/product_info_imgs\/product01.png\" alt=\"\" width=\"15\" height=\"15\" \/>\u00a0 Ergonomisk och platsbesparande design.<br \/>\n<img decoding=\"async\" class=\"alignnone size-full wp-image-9312\" src=\"\/wp-content\/uploads\/product_info_imgs\/product01.png\" alt=\"\" width=\"15\" height=\"15\" \/>\u00a0 Certifierade premiummaterial.<br \/>\n<img decoding=\"async\" class=\"alignnone size-full wp-image-9312\" src=\"\/wp-content\/uploads\/product_info_imgs\/product01.png\" alt=\"\" width=\"15\" height=\"15\" \/>\u00a0 Bred kompatibilitet.<\/p>","protected":false},"featured_media":18537,"comment_status":"open","ping_status":"closed","template":"","meta":[],"product_brand":[],"product_cat":[563,248,122,121],"product_tag":[568],"class_list":{"0":"post-18532","1":"product","2":"type-product","3":"status-publish","4":"has-post-thumbnail","6":"product_cat-ca2705","7":"product_cat-car-chargers","8":"product_cat-chargers","9":"product_cat-products","10":"product_tag-36w","11":"pa_power-36w","13":"first","14":"instock","15":"taxable","16":"shipping-taxable","17":"purchasable","18":"product-type-variable","19":"has-default-attributes","20":"wvs-archive-product-wrapper"},"_links":{"self":[{"href":"https:\/\/41.1edotech.com\/se\/wp-json\/wp\/v2\/product\/18532","targetHints":{"allow":["GET"]}}],"collection":[{"href":"https:\/\/41.1edotech.com\/se\/wp-json\/wp\/v2\/product"}],"about":[{"href":"https:\/\/41.1edotech.com\/se\/wp-json\/wp\/v2\/types\/product"}],"replies":[{"embeddable":true,"href":"https:\/\/41.1edotech.com\/se\/wp-json\/wp\/v2\/comments?post=18532"}],"version-history":[{"count":0,"href":"https:\/\/41.1edotech.com\/se\/wp-json\/wp\/v2\/product\/18532\/revisions"}],"wp:featuredmedia":[{"embeddable":true,"href":"https:\/\/41.1edotech.com\/se\/wp-json\/wp\/v2\/media\/18537"}],"wp:attachment":[{"href":"https:\/\/41.1edotech.com\/se\/wp-json\/wp\/v2\/media?parent=18532"}],"wp:term":[{"taxonomy":"product_brand","embeddable":true,"href":"https:\/\/41.1edotech.com\/se\/wp-json\/wp\/v2\/product_brand?post=18532"},{"taxonomy":"product_cat","embeddable":true,"href":"https:\/\/41.1edotech.com\/se\/wp-json\/wp\/v2\/product_cat?post=18532"},{"taxonomy":"product_tag","embeddable":true,"href":"https:\/\/41.1edotech.com\/se\/wp-json\/wp\/v2\/product_tag?post=18532"}],"curies":[{"name":"wp","href":"https:\/\/api.w.org\/{rel}","templated":true}]}}