


{"id":16713,"date":"2026-01-24T11:45:51","date_gmt":"2026-01-24T11:45:51","guid":{"rendered":"https:\/\/hk.1edo.com\/?post_type=product&#038;p=16713"},"modified":"2026-03-31T08:48:23","modified_gmt":"2026-03-31T08:48:23","slug":"ta3801-pd20w-magnetic-to-lightning-charger-for-jp","status":"publish","type":"product","link":"https:\/\/41.1edotech.com\/tr\/urun\/ta3801-pd20w-magnetic-to-lightning-charger-for-jp\/","title":{"rendered":"TA3801 PD30W Magnetic To Lightning Charger For JP"},"content":{"rendered":"<table width=\"1080\">\n<tbody>\n<tr>\n<td width=\"192\">Model<\/td>\n<td width=\"888\"><span style=\"vertical-align: inherit;\"><span style=\"vertical-align: inherit;\"><span style=\"vertical-align: inherit;\"><span style=\"vertical-align: inherit;\"><span style=\"vertical-align: inherit;\"><span style=\"vertical-align: inherit;\"><span style=\"vertical-align: inherit;\">TA3801.JP<\/span><\/span><\/span><\/span><\/span><\/span><\/span><\/td>\n<\/tr>\n<tr>\n<td>Renk<\/td>\n<td><span style=\"vertical-align: inherit;\"><span style=\"vertical-align: inherit;\">K\u0131rm\u0131z\u0131\/Beyaz\/Ye\u015fil\/Mor<\/span><\/span><\/td>\n<\/tr>\n<tr>\n<td>G\u00fc\u00e7<\/td>\n<td><span style=\"vertical-align: inherit;\"><span style=\"vertical-align: inherit;\"><span style=\"vertical-align: inherit;\">30,0 W<\/span><\/span><\/span><\/td>\n<\/tr>\n<tr>\n<td>Giri\u015f<\/td>\n<td><span style=\"vertical-align: inherit;\"><span style=\"vertical-align: inherit;\"><span style=\"vertical-align: inherit;\"><span style=\"vertical-align: inherit;\"><span style=\"vertical-align: inherit;\">100V~240V 50\/60Hz 1.0A (Maks.)<\/span><\/span><\/span><\/span><\/span><\/td>\n<\/tr>\n<tr>\n<td>\u00c7\u0131kt\u0131<\/td>\n<td width=\"888\">5.0V\u23933.0A, 9.0V\u23933.0A, 15.0V\u23932.0A. 20.0V\u23931.5 A (Maks 30.0W)<\/td>\n<\/tr>\n<tr>\n<td>H\u0131zl\u0131 \u015farj protokol\u00fc<\/td>\n<td><span style=\"vertical-align: inherit;\"><span style=\"vertical-align: inherit;\">BC1.2 \/ APPLE 2.4A \/ SAMSUNG 2A QC3.0 \/ QC2.0 \/ PD3.0 \/ PD2.0 \/ AFC \/ FCP \/ SCP \/ PE2.0 \/ PE1.1 \/ SFCP<\/span><\/span><\/td>\n<\/tr>\n<tr>\n<td>G\u00fcvenlik standartlar\u0131<\/td>\n<td><span style=\"vertical-align: inherit;\"><span style=\"vertical-align: inherit;\"><span style=\"vertical-align: inherit;\"><span style=\"vertical-align: inherit;\"><span style=\"vertical-align: inherit;\"><span style=\"vertical-align: inherit;\"><span style=\"vertical-align: inherit;\">EN 62368-1:2014 \/ A11:2017 IEC 62368-1:2014 \/ A11:2017 UL 62368-1:2014<\/span><\/span><\/span><\/span><\/span><\/span><\/span><\/td>\n<\/tr>\n<tr>\n<td>\u00dcr\u00fcn boyutu<\/td>\n<td><span style=\"vertical-align: inherit;\"><span style=\"vertical-align: inherit;\">81.55x38x38mm<\/span><\/span><\/td>\n<\/tr>\n<tr>\n<td>Perakende Ambalaj\u0131<\/td>\n<td>\u015eeffaf plastik kutu + Renkli kutu + d\u0131\u015f karton<\/td>\n<\/tr>\n<\/tbody>\n<\/table>","protected":false},"excerpt":{"rendered":"<p><img decoding=\"async\" class=\"alignnone size-full wp-image-9312\" src=\"\/wp-content\/uploads\/product_info_imgs\/product01.png\" alt=\"\" width=\"15\" height=\"15\" \/>\u00a0 Yepyeni ve y\u00fcksek d\u00fczeyde entegre bir \u00e7\u00f6z\u00fcm benimseyerek daha y\u00fcksek verimlilik elde ediyor.<br \/>\n<img decoding=\"async\" class=\"alignnone size-full wp-image-9312\" src=\"\/wp-content\/uploads\/product_info_imgs\/product01.png\" alt=\"\" width=\"15\" height=\"15\" \/>\u00a0 Y\u00fcksek kalite ve \u00f6zg\u00fcnl\u00fck duygusuna sahip dairesel tasar\u0131m.<br \/>\n<img decoding=\"async\" class=\"alignnone size-full wp-image-9312\" src=\"\/wp-content\/uploads\/product_info_imgs\/product01.png\" alt=\"\" width=\"15\" height=\"15\" \/>\u00a0 D\u00f6rt katmanl\u0131 temel teknoloji, \u015farj g\u00fcvenli\u011fini en \u00fcst d\u00fczeyde sa\u011flar.<br \/>\n<img decoding=\"async\" class=\"alignnone size-full wp-image-9312\" src=\"\/wp-content\/uploads\/product_info_imgs\/product01.png\" alt=\"\" width=\"15\" height=\"15\" \/>\u00a0 D\u00fcnyada bir ilk olan ve k\u00fcresel patent korumas\u0131na sahip kay\u0131ps\u0131z \u015farj tasar\u0131m\u0131na sahiptir.<br \/>\n<img decoding=\"async\" class=\"alignnone size-full wp-image-9312\" src=\"\/wp-content\/uploads\/product_info_imgs\/product01.png\" alt=\"\" width=\"15\" height=\"15\" \/>\u00a0 Cilt dostu, a\u015f\u0131nmaya dayan\u0131kl\u0131 ve uzun \u00f6m\u00fcrl\u00fc, birinci s\u0131n\u0131f yumu\u015fak silikon d\u0131\u015f y\u00fczey.<br \/>\n<img decoding=\"async\" class=\"alignnone size-full wp-image-9312\" src=\"\/wp-content\/uploads\/product_info_imgs\/product01.png\" alt=\"\" width=\"15\" height=\"15\" \/>\u00a0 Mini ve ta\u015f\u0131nabilir tasar\u0131m, sadece 38 mm \u00e7ap\u0131nda.<\/p>","protected":false},"featured_media":17347,"comment_status":"open","ping_status":"closed","template":"","meta":[],"product_brand":[],"product_cat":[122,121,123,153],"product_tag":[126],"class_list":{"0":"post-16713","1":"product","2":"type-product","3":"status-publish","4":"has-post-thumbnail","6":"product_cat-chargers","7":"product_cat-products","8":"product_cat-travel-chargers","9":"product_cat-ta3801","10":"product_tag-20w","11":"pa_power-30w","13":"first","14":"instock","15":"taxable","16":"shipping-taxable","17":"purchasable","18":"product-type-variable","19":"has-default-attributes","20":"wvs-archive-product-wrapper"},"_links":{"self":[{"href":"https:\/\/41.1edotech.com\/tr\/wp-json\/wp\/v2\/product\/16713","targetHints":{"allow":["GET"]}}],"collection":[{"href":"https:\/\/41.1edotech.com\/tr\/wp-json\/wp\/v2\/product"}],"about":[{"href":"https:\/\/41.1edotech.com\/tr\/wp-json\/wp\/v2\/types\/product"}],"replies":[{"embeddable":true,"href":"https:\/\/41.1edotech.com\/tr\/wp-json\/wp\/v2\/comments?post=16713"}],"version-history":[{"count":0,"href":"https:\/\/41.1edotech.com\/tr\/wp-json\/wp\/v2\/product\/16713\/revisions"}],"wp:featuredmedia":[{"embeddable":true,"href":"https:\/\/41.1edotech.com\/tr\/wp-json\/wp\/v2\/media\/17347"}],"wp:attachment":[{"href":"https:\/\/41.1edotech.com\/tr\/wp-json\/wp\/v2\/media?parent=16713"}],"wp:term":[{"taxonomy":"product_brand","embeddable":true,"href":"https:\/\/41.1edotech.com\/tr\/wp-json\/wp\/v2\/product_brand?post=16713"},{"taxonomy":"product_cat","embeddable":true,"href":"https:\/\/41.1edotech.com\/tr\/wp-json\/wp\/v2\/product_cat?post=16713"},{"taxonomy":"product_tag","embeddable":true,"href":"https:\/\/41.1edotech.com\/tr\/wp-json\/wp\/v2\/product_tag?post=16713"}],"curies":[{"name":"wp","href":"https:\/\/api.w.org\/{rel}","templated":true}]}}