


{"id":18454,"date":"2026-02-12T06:11:18","date_gmt":"2026-02-12T06:11:18","guid":{"rendered":"https:\/\/hk.1edo.com\/?post_type=product&#038;p=18454"},"modified":"2026-04-01T02:05:01","modified_gmt":"2026-04-01T02:05:01","slug":"ldl0701-usb-c-to-lightning-cable-red-white-green-purple-3a-1m","status":"publish","type":"product","link":"https:\/\/41.1edotech.com\/tr\/urun\/ldl0701-usb-c-to-lightning-cable-red-white-green-purple-3a-1m\/","title":{"rendered":"LDL0701 USB-C - Lightning Kablosu K\u0131rm\u0131z\u0131\/Beyaz\/Ye\u015fil\/Mor 3A-1M"},"content":{"rendered":"<table width=\"1080\">\n<tbody>\n<tr>\n<td width=\"192\">Model<\/td>\n<td width=\"888\">LDL0701<\/td>\n<\/tr>\n<tr>\n<td>Renk<\/td>\n<td><span style=\"vertical-align: inherit;\"><span style=\"vertical-align: inherit;\">Beyaz<\/span><\/span><\/td>\n<\/tr>\n<tr>\n<td>Aray\u00fcz<\/td>\n<td><span style=\"vertical-align: inherit;\"><span style=\"vertical-align: inherit;\"><span style=\"vertical-align: inherit;\">USB-C - Lightning<\/span><\/span><\/span><\/td>\n<\/tr>\n<tr>\n<td>Ak\u0131m<\/td>\n<td><span style=\"vertical-align: inherit;\">3A<\/span><\/td>\n<\/tr>\n<tr>\n<td>Kablo Uzunlu\u011fu<\/td>\n<td width=\"888\">1 milyon<\/td>\n<\/tr>\n<tr>\n<td>Malzeme<\/td>\n<td>Naylon \u00d6rg\u00fcl\u00fc<\/td>\n<\/tr>\n<\/tbody>\n<\/table>","protected":false},"excerpt":{"rendered":"<p><img decoding=\"async\" class=\"alignnone size-full wp-image-9312\" src=\"\/wp-content\/uploads\/product_info_imgs\/product01.png\" alt=\"\" width=\"15\" height=\"15\" \/>\u00a0 \u00d6rg\u00fcl\u00fc Has\u0131r Kablo, G\u00fc\u00e7l\u00fc ve Esnek.<br \/>\n<img decoding=\"async\" class=\"alignnone size-full wp-image-9312\" src=\"\/wp-content\/uploads\/product_info_imgs\/product01.png\" alt=\"\" width=\"15\" height=\"15\" \/>\u00a0 H\u0131zl\u0131 \u015earj + Veri Senkronizasyonu.<br \/>\n<img decoding=\"async\" class=\"alignnone size-full wp-image-9312\" src=\"\/wp-content\/uploads\/product_info_imgs\/product01.png\" alt=\"\" width=\"15\" height=\"15\" \/>\u00a0 Dahili Ak\u0131ll\u0131 \u00c7ip.<br \/>\n<img decoding=\"async\" class=\"alignnone size-full wp-image-9312\" src=\"\/wp-content\/uploads\/product_info_imgs\/product01.png\" alt=\"\" width=\"15\" height=\"15\" \/>\u00a0 G\u00fc\u00e7lendirilmi\u015f Ba\u011flant\u0131 Elemanlar\u0131.<br \/>\n<img decoding=\"async\" class=\"alignnone size-full wp-image-9312\" src=\"\/wp-content\/uploads\/product_info_imgs\/product01.png\" alt=\"\" width=\"15\" height=\"15\" \/>\u00a0 12.000&#039;den fazla b\u00fck\u00fclme \u00f6mr\u00fc.<br \/>\n<img decoding=\"async\" class=\"alignnone size-full wp-image-9312\" src=\"\/wp-content\/uploads\/product_info_imgs\/product01.png\" alt=\"\" width=\"15\" height=\"15\" \/>\u00a0 Y\u00fcksek G\u00fc\u00e7, Ultra H\u0131zl\u0131 \u015earj.<\/p>","protected":false},"featured_media":17780,"comment_status":"open","ping_status":"closed","template":"","meta":[],"product_brand":[],"product_cat":[550,539,121],"product_tag":[548],"class_list":{"0":"post-18454","1":"product","2":"type-product","3":"status-publish","4":"has-post-thumbnail","6":"product_cat-3a1m","7":"product_cat-cable","8":"product_cat-products","9":"product_tag-lightning-cable","11":"first","12":"instock","13":"taxable","14":"shipping-taxable","15":"purchasable","16":"product-type-variable","17":"has-default-attributes","18":"wvs-archive-product-wrapper"},"_links":{"self":[{"href":"https:\/\/41.1edotech.com\/tr\/wp-json\/wp\/v2\/product\/18454","targetHints":{"allow":["GET"]}}],"collection":[{"href":"https:\/\/41.1edotech.com\/tr\/wp-json\/wp\/v2\/product"}],"about":[{"href":"https:\/\/41.1edotech.com\/tr\/wp-json\/wp\/v2\/types\/product"}],"replies":[{"embeddable":true,"href":"https:\/\/41.1edotech.com\/tr\/wp-json\/wp\/v2\/comments?post=18454"}],"version-history":[{"count":0,"href":"https:\/\/41.1edotech.com\/tr\/wp-json\/wp\/v2\/product\/18454\/revisions"}],"wp:featuredmedia":[{"embeddable":true,"href":"https:\/\/41.1edotech.com\/tr\/wp-json\/wp\/v2\/media\/17780"}],"wp:attachment":[{"href":"https:\/\/41.1edotech.com\/tr\/wp-json\/wp\/v2\/media?parent=18454"}],"wp:term":[{"taxonomy":"product_brand","embeddable":true,"href":"https:\/\/41.1edotech.com\/tr\/wp-json\/wp\/v2\/product_brand?post=18454"},{"taxonomy":"product_cat","embeddable":true,"href":"https:\/\/41.1edotech.com\/tr\/wp-json\/wp\/v2\/product_cat?post=18454"},{"taxonomy":"product_tag","embeddable":true,"href":"https:\/\/41.1edotech.com\/tr\/wp-json\/wp\/v2\/product_tag?post=18454"}],"curies":[{"name":"wp","href":"https:\/\/api.w.org\/{rel}","templated":true}]}}