


{"id":18447,"date":"2026-02-12T05:59:48","date_gmt":"2026-02-12T05:59:48","guid":{"rendered":"https:\/\/hk.1edo.com\/?post_type=product&#038;p=18447"},"modified":"2026-04-01T02:00:06","modified_gmt":"2026-04-01T02:00:06","slug":"hcd-0502-usb-c-to-usb-c-cable-red-white-green-purple-5a-1800mm","status":"publish","type":"product","link":"https:\/\/41.1edotech.com\/vn\/san-pham\/hcd-0502-usb-c-to-usb-c-cable-red-white-green-purple-5a-1800mm\/","title":{"rendered":"C\u00e1p USB-C sang USB-C HCD-0502 m\u00e0u \u0110\u1ecf\/Tr\u1eafng\/Xanh l\u00e1 c\u00e2y\/T\u00edm 5A-1800MM"},"content":{"rendered":"<table width=\"1080\">\n<tbody>\n<tr>\n<td width=\"192\">Ng\u01b0\u1eddi m\u1eabu<\/td>\n<td width=\"888\">HCD-0502R\/HCD-0502W\/HCD-0502G\/HCD-0502P<\/td>\n<\/tr>\n<tr>\n<td>M\u00e0u s\u1eafc<\/td>\n<td><span style=\"vertical-align: inherit;\"><span style=\"vertical-align: inherit;\">\u0110\u1ecf\/Tr\u1eafng\/Xanh l\u00e1 c\u00e2y\/T\u00edm<\/span><\/span><\/td>\n<\/tr>\n<tr>\n<td>Giao di\u1ec7n<\/td>\n<td><span style=\"vertical-align: inherit;\"><span style=\"vertical-align: inherit;\"><span style=\"vertical-align: inherit;\">USB-C sang USB-C<\/span><\/span><\/span><\/td>\n<\/tr>\n<tr>\n<td>Hi\u1ec7n h\u00e0nh<\/td>\n<td><span style=\"vertical-align: inherit;\">5A<\/span><\/td>\n<\/tr>\n<tr>\n<td>Chi\u1ec1u d\u00e0i c\u00e1p<\/td>\n<td width=\"888\">1,8 tri\u1ec7u<\/td>\n<\/tr>\n<tr>\n<td>V\u1eadt li\u1ec7u<\/td>\n<td>D\u00e2y b\u1ec7n nylon<\/td>\n<\/tr>\n<\/tbody>\n<\/table>","protected":false},"excerpt":{"rendered":"<p><img decoding=\"async\" class=\"alignnone size-full wp-image-9312\" src=\"\/wp-content\/uploads\/product_info_imgs\/product01.png\" alt=\"\" width=\"15\" height=\"15\" \/>\u00a0 C\u00e1p l\u01b0\u1edbi b\u1ec7n, ch\u1eafc ch\u1eafn v\u00e0 linh ho\u1ea1t.<br \/>\n<img decoding=\"async\" class=\"alignnone size-full wp-image-9312\" src=\"\/wp-content\/uploads\/product_info_imgs\/product01.png\" alt=\"\" width=\"15\" height=\"15\" \/>\u00a0 S\u1ea1c nhanh + \u0110\u1ed3ng b\u1ed9 d\u1eef li\u1ec7u.<br \/>\n<img decoding=\"async\" class=\"alignnone size-full wp-image-9312\" src=\"\/wp-content\/uploads\/product_info_imgs\/product01.png\" alt=\"\" width=\"15\" height=\"15\" \/>\u00a0 Chip th\u00f4ng minh t\u00edch h\u1ee3p.<br \/>\n<img decoding=\"async\" class=\"alignnone size-full wp-image-9312\" src=\"\/wp-content\/uploads\/product_info_imgs\/product01.png\" alt=\"\" width=\"15\" height=\"15\" \/>\u00a0 C\u00e1c kh\u1edbp n\u1ed1i \u0111\u01b0\u1ee3c gia c\u01b0\u1eddng.<br \/>\n<img decoding=\"async\" class=\"alignnone size-full wp-image-9312\" src=\"\/wp-content\/uploads\/product_info_imgs\/product01.png\" alt=\"\" width=\"15\" height=\"15\" \/>\u00a0 Tu\u1ed5i th\u1ecd u\u1ed1n cong h\u01a1n 12.000 l\u1ea7n.<br \/>\n<img decoding=\"async\" class=\"alignnone size-full wp-image-9312\" src=\"\/wp-content\/uploads\/product_info_imgs\/product01.png\" alt=\"\" width=\"15\" height=\"15\" \/>\u00a0 C\u00f4ng su\u1ea5t cao, s\u1ea1c c\u1ef1c nhanh.<\/p>","protected":false},"featured_media":18372,"comment_status":"open","ping_status":"closed","template":"","meta":[],"product_brand":[],"product_cat":[545,539,121,547],"product_tag":[549],"class_list":{"0":"post-18447","1":"product","2":"type-product","3":"status-publish","4":"has-post-thumbnail","6":"product_cat-5a1-8m","7":"product_cat-cable","8":"product_cat-products","9":"product_cat-usb-c-to-usb-c-5a1-8m","10":"product_tag-usb-c-cable","12":"first","13":"instock","14":"taxable","15":"shipping-taxable","16":"purchasable","17":"product-type-variable","18":"has-default-attributes","19":"wvs-archive-product-wrapper"},"_links":{"self":[{"href":"https:\/\/41.1edotech.com\/vn\/wp-json\/wp\/v2\/product\/18447","targetHints":{"allow":["GET"]}}],"collection":[{"href":"https:\/\/41.1edotech.com\/vn\/wp-json\/wp\/v2\/product"}],"about":[{"href":"https:\/\/41.1edotech.com\/vn\/wp-json\/wp\/v2\/types\/product"}],"replies":[{"embeddable":true,"href":"https:\/\/41.1edotech.com\/vn\/wp-json\/wp\/v2\/comments?post=18447"}],"version-history":[{"count":0,"href":"https:\/\/41.1edotech.com\/vn\/wp-json\/wp\/v2\/product\/18447\/revisions"}],"wp:featuredmedia":[{"embeddable":true,"href":"https:\/\/41.1edotech.com\/vn\/wp-json\/wp\/v2\/media\/18372"}],"wp:attachment":[{"href":"https:\/\/41.1edotech.com\/vn\/wp-json\/wp\/v2\/media?parent=18447"}],"wp:term":[{"taxonomy":"product_brand","embeddable":true,"href":"https:\/\/41.1edotech.com\/vn\/wp-json\/wp\/v2\/product_brand?post=18447"},{"taxonomy":"product_cat","embeddable":true,"href":"https:\/\/41.1edotech.com\/vn\/wp-json\/wp\/v2\/product_cat?post=18447"},{"taxonomy":"product_tag","embeddable":true,"href":"https:\/\/41.1edotech.com\/vn\/wp-json\/wp\/v2\/product_tag?post=18447"}],"curies":[{"name":"trang web","href":"https:\/\/api.w.org\/{rel}","templated":true}]}}